{"id":982,"date":"2015-07-22T13:28:32","date_gmt":"2015-07-22T11:28:32","guid":{"rendered":"http:\/\/ecrit.magasins-et-commerces.com\/?post_type=product&#038;p=982"},"modified":"2023-06-02T15:49:53","modified_gmt":"2023-06-02T13:49:53","slug":"consultation-script-doctor","status":"publish","type":"product","link":"https:\/\/scriptdoctor.fr\/boutique\/tarif\/consultation-script-doctor\/","title":{"rendered":"Le coaching individualis\u00e9 d&rsquo;auteur sur projet"},"content":{"rendered":"<p>S\u00e9ance de deux heures de coaching personnalis\u00e9\u00a0:<\/p>\n<ul>\n<li>en fonction de vos objectifs professionnels sp\u00e9cifiques\u00a0: obtention d\u2019une aide s\u00e9lective type Fonds d\u2019Aide \u00e0 l\u2019innovation du CNC, r\u00e9\u00e9criture, mise en production, etc.<\/li>\n<li>transfert de connaissances, sur la base de la m\u00e9thode d&rsquo;\u00e9criture agile de High Concept, de toute technique identifi\u00e9e comme b\u00e9n\u00e9fique, en vue de l&rsquo;objectif sp\u00e9cifique et d&rsquo;autres axes d&rsquo;am\u00e9lioration identifi\u00e9s comme pertinents<\/li>\n<li>identification du genre cin\u00e9matographique le plus ad\u00e9quat au projet et d\u00e9cryptage de sa m\u00e9canique dramatique propre.<\/li>\n<\/ul>\n","protected":false},"excerpt":{"rendered":"<p>Une s\u00e9ance de 2 h de coaching personnalis\u00e9 avec un script-doctor fondateur de la m\u00e9thode HC, en fonction de vos objectifs professionnels sp\u00e9cifiques.<\/p>\n","protected":false},"featured_media":1607,"template":"","meta":{"_genesis_hide_title":false,"_genesis_hide_breadcrumbs":false,"_genesis_hide_singular_image":false,"_genesis_hide_footer_widgets":false,"_genesis_custom_body_class":"","_genesis_custom_post_class":"","_genesis_layout":""},"product_brand":[],"product_cat":[37,1029],"product_tag":[41,246,42,993,43,44],"class_list":{"0":"post-982","1":"product","2":"type-product","3":"status-publish","4":"has-post-thumbnail","6":"product_cat-analyse-scenario","7":"product_cat-coaching-sur-projet","8":"product_tag-bd","9":"product_tag-court-metrage","10":"product_tag-long-metrage","11":"product_tag-jeu-videeo","12":"product_tag-roman","13":"product_tag-serie","14":"post","15":"entry","17":"first","18":"instock","19":"featured","20":"sold-individually","21":"taxable","22":"shipping-taxable","23":"purchasable","24":"product-type-simple"},"_links":{"self":[{"href":"https:\/\/scriptdoctor.fr\/boutique\/wp-json\/wp\/v2\/product\/982","targetHints":{"allow":["GET"]}}],"collection":[{"href":"https:\/\/scriptdoctor.fr\/boutique\/wp-json\/wp\/v2\/product"}],"about":[{"href":"https:\/\/scriptdoctor.fr\/boutique\/wp-json\/wp\/v2\/types\/product"}],"wp:featuredmedia":[{"embeddable":true,"href":"https:\/\/scriptdoctor.fr\/boutique\/wp-json\/wp\/v2\/media\/1607"}],"wp:attachment":[{"href":"https:\/\/scriptdoctor.fr\/boutique\/wp-json\/wp\/v2\/media?parent=982"}],"wp:term":[{"taxonomy":"product_brand","embeddable":true,"href":"https:\/\/scriptdoctor.fr\/boutique\/wp-json\/wp\/v2\/product_brand?post=982"},{"taxonomy":"product_cat","embeddable":true,"href":"https:\/\/scriptdoctor.fr\/boutique\/wp-json\/wp\/v2\/product_cat?post=982"},{"taxonomy":"product_tag","embeddable":true,"href":"https:\/\/scriptdoctor.fr\/boutique\/wp-json\/wp\/v2\/product_tag?post=982"}],"curies":[{"name":"wp","href":"https:\/\/api.w.org\/{rel}","templated":true}]}}