{"id":981,"date":"2015-07-22T13:18:05","date_gmt":"2015-07-22T11:18:05","guid":{"rendered":"http:\/\/ecrit.magasins-et-commerces.com\/?post_type=product&#038;p=981"},"modified":"2023-06-02T15:46:30","modified_gmt":"2023-06-02T13:46:30","slug":"script-doctoring-en-ligne","status":"publish","type":"product","link":"https:\/\/scriptdoctor.fr\/boutique\/tarif\/script-doctoring-en-ligne\/","title":{"rendered":"Le guide personnalis\u00e9 de r\u00e9\u00e9criture"},"content":{"rendered":"<p>Une fiche de lecture professionnelle, id\u00e9ale pour cerner les chances de votre projet sur le march\u00e9, compl\u00e9t\u00e9e d&rsquo;une analyse d\u00e9taill\u00e9e constituant un v\u00e9ritable programme de r\u00e9\u00e9criture personnalis\u00e9\u00a0:<\/p>\n<ul>\n<li>la fiche de lecture est un service unique de script doctoring accessible en ligne\u00a0: d\u00e9p\u00f4t du projet \u00e0 destination de lecteurs professionnels et fiche de lecture en retour dans un espace confidentiel s\u00e9curis\u00e9<\/li>\n<li>la fiche de lecture est identique \u00e0 celles qui sont command\u00e9es pour s\u00e9lectionner les projets par les producteurs, les diffuseurs, le CNC et les \u00e9coles (de type CEEA ou FAI)<\/li>\n<li>la lecture est r\u00e9alis\u00e9e par deux lecteurs diff\u00e9rents<\/li>\n<\/ul>\n<ul>\n<li>l&rsquo;analyse est personnalis\u00e9e et illustr\u00e9e\u00a0: recherche de solutions concr\u00e8tes, sur la base de la m\u00e9thode d&rsquo;\u00e9criture agile High Concept, pour r\u00e9\u00e9crire efficacement votre projet<\/li>\n<li>l&rsquo;analyse met votre projet en regard de l&rsquo;actualit\u00e9 du march\u00e9 fran\u00e7ais de la fiction, avec des conseils de pr\u00e9sentation et de marketing pour le rendre le plus attractif possible<\/li>\n<li>l&rsquo;analyse est d\u00e9taill\u00e9e\u00a0: un livret d&rsquo;une vingtaine de pages environ, reprenant l\u2019ensemble des axes d\u2019am\u00e9lioration propos\u00e9s pour le projet avec, point par point, les diff\u00e9rentes techniques \u00e0 utiliser pour y parvenir<\/li>\n<li>confidentialit\u00e9\u00a0: les lecteurs s&rsquo;engagent \u00e0 ne r\u00e9v\u00e9ler ni le contenu, ni l&rsquo;existence de la fiction (inclus dans les conditions g\u00e9n\u00e9rales de vente)<\/li>\n<li><mark>d\u00e9lai&nbsp;: livr\u00e9 sous 20 jours ouvr\u00e9s \u00e0 r\u00e9ception du paiement. Possible en 3 jours<\/mark> ouvr\u00e9s en cas d&rsquo;urgence (sur option, avec suppl\u00e9ment).<\/li>\n<\/ul>\n","protected":false},"excerpt":{"rendered":"<p>Une fiche de lecture professionnelle + l&rsquo;analyse, une vingtaine de pages de solutions concr\u00e8tes pour optimiser votre projet.<\/p>\n","protected":false},"featured_media":1597,"template":"","meta":{"_genesis_hide_title":false,"_genesis_hide_breadcrumbs":false,"_genesis_hide_singular_image":false,"_genesis_hide_footer_widgets":false,"_genesis_custom_body_class":"","_genesis_custom_post_class":"","_genesis_layout":""},"product_brand":[],"product_cat":[37,235],"product_tag":[41,246,42,993,43,44],"class_list":{"0":"post-981","1":"product","2":"type-product","3":"status-publish","4":"has-post-thumbnail","6":"product_cat-analyse-scenario","7":"product_cat-aide-ecriture","8":"product_tag-bd","9":"product_tag-court-metrage","10":"product_tag-long-metrage","11":"product_tag-jeu-videeo","12":"product_tag-roman","13":"product_tag-serie","14":"post","15":"entry","17":"first","18":"instock","19":"featured","20":"sold-individually","21":"taxable","22":"shipping-taxable","23":"purchasable","24":"product-type-simple"},"_links":{"self":[{"href":"https:\/\/scriptdoctor.fr\/boutique\/wp-json\/wp\/v2\/product\/981","targetHints":{"allow":["GET"]}}],"collection":[{"href":"https:\/\/scriptdoctor.fr\/boutique\/wp-json\/wp\/v2\/product"}],"about":[{"href":"https:\/\/scriptdoctor.fr\/boutique\/wp-json\/wp\/v2\/types\/product"}],"wp:featuredmedia":[{"embeddable":true,"href":"https:\/\/scriptdoctor.fr\/boutique\/wp-json\/wp\/v2\/media\/1597"}],"wp:attachment":[{"href":"https:\/\/scriptdoctor.fr\/boutique\/wp-json\/wp\/v2\/media?parent=981"}],"wp:term":[{"taxonomy":"product_brand","embeddable":true,"href":"https:\/\/scriptdoctor.fr\/boutique\/wp-json\/wp\/v2\/product_brand?post=981"},{"taxonomy":"product_cat","embeddable":true,"href":"https:\/\/scriptdoctor.fr\/boutique\/wp-json\/wp\/v2\/product_cat?post=981"},{"taxonomy":"product_tag","embeddable":true,"href":"https:\/\/scriptdoctor.fr\/boutique\/wp-json\/wp\/v2\/product_tag?post=981"}],"curies":[{"name":"wp","href":"https:\/\/api.w.org\/{rel}","templated":true}]}}