{"id":980,"date":"2015-07-22T13:16:45","date_gmt":"2015-07-22T11:16:45","guid":{"rendered":"http:\/\/ecrit.magasins-et-commerces.com\/?post_type=product&#038;p=980"},"modified":"2023-06-02T15:47:49","modified_gmt":"2023-06-02T13:47:49","slug":"fiche-de-lecture","status":"publish","type":"product","link":"https:\/\/scriptdoctor.fr\/boutique\/tarif\/fiche-de-lecture\/","title":{"rendered":"La fiche de lecture de tout document"},"content":{"rendered":"<p>Produit phare, la fiche de lecture HC vous permet de cerner rapidement les forces et faiblesses de votre projet en l&rsquo;\u00e9tat et de b\u00e9n\u00e9ficier d&rsquo;une reformulation de votre histoire sous la forme d&rsquo;un synopsis, format\u00e9 suivant notre mod\u00e8le d&rsquo;\u00e9criture agile, avec la mise en valeur des charni\u00e8res dramatiques\u00a0:<\/p>\n<ul>\n<li>unique service de script doctoring accessible en ligne\u00a0: d\u00e9p\u00f4t du projet \u00e0 destination de lecteurs professionnels et fiche de lecture en retour, dans un espace confidentiel s\u00e9curis\u00e9<\/li>\n<li>10 <i>items<\/i> d&rsquo;analyse couvrant l&rsquo;ensemble des \u00e9l\u00e9ments structurants de votre histoire\u00a0: personnages, d\u00e9clencheur, t\u00e2che, climax, utilisation des genres, ar\u00e8ne, respect du format et du formatage audiovisuel, orthographe et vision d&rsquo;auteur<\/li>\n<li>fiche de lecture identique \u00e0 celles qui sont command\u00e9es par les producteurs, les diffuseurs, le CNC et les \u00e9coles (de type CEEA ou FAI) pour s\u00e9lectionner les projets<\/li>\n<li>analyse objective\u00a0: comprend une double analyse, r\u00e9alis\u00e9e par deux lecteurs diff\u00e9rents<\/li>\n<li>confidentialit\u00e9\u00a0: les lecteurs s&rsquo;engagent \u00e0 ne r\u00e9v\u00e9ler ni le contenu, ni l&rsquo;existence de la fiction (inclus dans les conditions g\u00e9n\u00e9rales de vente)<\/li>\n<li><mark>d\u00e9lai\u00a0: livr\u00e9e sous 10 jours ouvr\u00e9s \u00e0 r\u00e9ception du paiement. Possible en 3 jours<\/mark> ouvr\u00e9s en cas d&rsquo;urgence (sur option, avec suppl\u00e9ment).<\/li>\n<\/ul>\n","protected":false},"excerpt":{"rendered":"<p>Une fiche d&rsquo;\u00e9valuation professionnelle, id\u00e9ale pour cerner les chances de votre projet.<\/p>\n","protected":false},"featured_media":1599,"template":"","meta":{"_genesis_hide_title":false,"_genesis_hide_breadcrumbs":false,"_genesis_hide_singular_image":false,"_genesis_hide_footer_widgets":false,"_genesis_custom_body_class":"","_genesis_custom_post_class":"","_genesis_layout":""},"product_brand":[],"product_cat":[37,234],"product_tag":[41,246,42,43,44],"class_list":{"0":"post-980","1":"product","2":"type-product","3":"status-publish","4":"has-post-thumbnail","6":"product_cat-analyse-scenario","7":"product_cat-fiche-de-lecture","8":"product_tag-bd","9":"product_tag-court-metrage","10":"product_tag-long-metrage","11":"product_tag-roman","12":"product_tag-serie","13":"post","14":"entry","16":"first","17":"instock","18":"featured","19":"sold-individually","20":"taxable","21":"shipping-taxable","22":"purchasable","23":"product-type-simple"},"_links":{"self":[{"href":"https:\/\/scriptdoctor.fr\/boutique\/wp-json\/wp\/v2\/product\/980","targetHints":{"allow":["GET"]}}],"collection":[{"href":"https:\/\/scriptdoctor.fr\/boutique\/wp-json\/wp\/v2\/product"}],"about":[{"href":"https:\/\/scriptdoctor.fr\/boutique\/wp-json\/wp\/v2\/types\/product"}],"wp:featuredmedia":[{"embeddable":true,"href":"https:\/\/scriptdoctor.fr\/boutique\/wp-json\/wp\/v2\/media\/1599"}],"wp:attachment":[{"href":"https:\/\/scriptdoctor.fr\/boutique\/wp-json\/wp\/v2\/media?parent=980"}],"wp:term":[{"taxonomy":"product_brand","embeddable":true,"href":"https:\/\/scriptdoctor.fr\/boutique\/wp-json\/wp\/v2\/product_brand?post=980"},{"taxonomy":"product_cat","embeddable":true,"href":"https:\/\/scriptdoctor.fr\/boutique\/wp-json\/wp\/v2\/product_cat?post=980"},{"taxonomy":"product_tag","embeddable":true,"href":"https:\/\/scriptdoctor.fr\/boutique\/wp-json\/wp\/v2\/product_tag?post=980"}],"curies":[{"name":"wp","href":"https:\/\/api.w.org\/{rel}","templated":true}]}}