{"id":17095,"date":"2023-08-03T18:50:18","date_gmt":"2023-08-03T16:50:18","guid":{"rendered":"https:\/\/scriptdoctor.fr\/boutique\/?post_type=product&#038;p=17095"},"modified":"2023-08-04T12:19:43","modified_gmt":"2023-08-04T10:19:43","slug":"fiches-de-lecture-en-gros","status":"publish","type":"product","link":"https:\/\/scriptdoctor.fr\/boutique\/tarif\/fiches-de-lecture-en-gros\/","title":{"rendered":"Les fiches de lecture en gros"},"content":{"rendered":"<p>Notre soci\u00e9t\u00e9 de script doctoring a d\u00e9velopp\u00e9 la capacit\u00e9 d&rsquo;analyser jusqu&rsquo;\u00e0 50 sc\u00e9narios par mois (pour des producteurs ou des distributeurs tels que Full Time Studio ou Apollo films par exemple), afin de livrer \u00e0 nos clients un synopsis d\u00e9taill\u00e9 et lisible pour chaque version, avec des indicateurs cl\u00e9s de dramaturgie. <\/p>\n<p>Ce service innovant de fiches de lecture en gros permet de ne pas rater la perle rare, de faire des choix strat\u00e9giques et de communiquer ses retours \u00e0 ses partenaires dans un d\u00e9lai d&rsquo;une semaine.  <\/p>\n<p>Nos packs de fiches de lecture en gros sont \u00e0 consommer en fonction de vos besoins, sans frais de lecture, et vous permettent de b\u00e9n\u00e9ficier de nos <a href=\"\/#flux\" target=\"_blank\" rel=\"noopener\">fiches d&rsquo;\u00e9valuation optimis\u00e9es<\/a> \u00e0 un tarif pr\u00e9f\u00e9rentiel.<\/p>\n<p>Pour nous confier votre flux de documents&nbsp;:<\/p>\n<p><span style=\"font-size:1.1rem;\">\u2776<\/span> Choisissez le pack adapt\u00e9 \u00e0 votre flux de projets ci-dessus<\/p>\n<p><span style=\"font-size:1.1rem;\">\u2777<\/span> D\u00e8s validation de votre commande, nous vous cr\u00e9ons une page VIP de t\u00e9l\u00e9versement s\u00e9curis\u00e9<\/p>\n<p><span style=\"font-size:1.1rem;\">\u2778<\/span> Vous recevez automatiquement chaque lundi vos fiches de lecture dans un d\u00e9lai de 5 j. ouvr\u00e9s \u00e0 r\u00e9ception de vos projets.<\/p>\n","protected":false},"excerpt":{"rendered":"<p>Optimisez vos d\u00e9cisions avec nos fiches de lecture en gros. \u00c9valuez chaque projet et obtenez des analyses approfondies pour toutes vos versions de documents dans un d\u00e9lai d&rsquo;une semaine.<\/p>\n","protected":false},"featured_media":1599,"template":"","meta":{"_genesis_hide_title":false,"_genesis_hide_breadcrumbs":false,"_genesis_hide_singular_image":false,"_genesis_hide_footer_widgets":false,"_genesis_custom_body_class":"","_genesis_custom_post_class":"","_genesis_layout":""},"product_brand":[],"product_cat":[37,234],"product_tag":[],"class_list":{"0":"post-17095","1":"product","2":"type-product","3":"status-publish","4":"has-post-thumbnail","6":"product_cat-analyse-scenario","7":"product_cat-fiche-de-lecture","8":"post","9":"entry","11":"first","12":"instock","13":"taxable","14":"shipping-taxable","15":"purchasable","16":"product-type-variable"},"_links":{"self":[{"href":"https:\/\/scriptdoctor.fr\/boutique\/wp-json\/wp\/v2\/product\/17095","targetHints":{"allow":["GET"]}}],"collection":[{"href":"https:\/\/scriptdoctor.fr\/boutique\/wp-json\/wp\/v2\/product"}],"about":[{"href":"https:\/\/scriptdoctor.fr\/boutique\/wp-json\/wp\/v2\/types\/product"}],"wp:featuredmedia":[{"embeddable":true,"href":"https:\/\/scriptdoctor.fr\/boutique\/wp-json\/wp\/v2\/media\/1599"}],"wp:attachment":[{"href":"https:\/\/scriptdoctor.fr\/boutique\/wp-json\/wp\/v2\/media?parent=17095"}],"wp:term":[{"taxonomy":"product_brand","embeddable":true,"href":"https:\/\/scriptdoctor.fr\/boutique\/wp-json\/wp\/v2\/product_brand?post=17095"},{"taxonomy":"product_cat","embeddable":true,"href":"https:\/\/scriptdoctor.fr\/boutique\/wp-json\/wp\/v2\/product_cat?post=17095"},{"taxonomy":"product_tag","embeddable":true,"href":"https:\/\/scriptdoctor.fr\/boutique\/wp-json\/wp\/v2\/product_tag?post=17095"}],"curies":[{"name":"wp","href":"https:\/\/api.w.org\/{rel}","templated":true}]}}