{"id":15606,"date":"2023-05-04T12:56:14","date_gmt":"2023-05-04T10:56:14","guid":{"rendered":"https:\/\/scriptdoctor.fr\/boutique\/?post_type=product&#038;p=15606"},"modified":"2023-08-04T14:41:01","modified_gmt":"2023-08-04T12:41:01","slug":"atelier-ecriture","status":"publish","type":"product","link":"https:\/\/scriptdoctor.fr\/boutique\/tarif\/atelier-ecriture\/","title":{"rendered":"Atelier d&rsquo;\u00e9criture"},"content":{"rendered":"<p>Compos\u00e9 de nos script doctors, tous professionnels de l\u2019\u00e9criture pour le cin\u00e9ma, la t\u00e9l\u00e9vision, les romans, la BD et les jeux vid\u00e9o, notre atelier d&rsquo;\u00e9criture&nbsp;:<\/p>\n<ul>\n<li>a d\u00e9j\u00e0 \u00e9t\u00e9 employ\u00e9 par M6 D\u00c9VELOPPEMENT (J-M. Goix), EVERLASTING FILMS (X. Debatty), ZODIAK GROUP &#8211; BANIJAY STUDIOS (T. Geig-Aveline et P. Schmitt), WILDCATS PRODUCTIONS (O. Mc Donald), MAKE IT HAPPEN STUDIOS (S. Gallonde), DEMD PRODUCTIONS (S. Pavard), JUNE ENTERTAINMENT (J. Sarrali\u00e9), etc.<\/li>\n<li>livre aux producteurs des bibles et sc\u00e9narios cl\u00e9 en main en un temps record<\/li>\n<li>garantit la livraison + les droits de l\u2019\u0153uvre command\u00e9e (droits que nous r\u00e9troc\u00e9dons int\u00e9gralement au client, au fur et \u00e0 mesure de la cr\u00e9ation, les auteurs de notre atelier ayant accept\u00e9 sans r\u00e9serve une clause de substitution)<\/li>\n<li>se mobilise \u00e0 la signature d&rsquo;un contrat de prestation simple et optimis\u00e9.<\/li>\n<\/ul>\n<p>Pour concr\u00e9tiser votre projet&nbsp;:<\/p>\n<p><span style=\"font-size:1.1rem;\">\u2776<\/span> La premi\u00e8re \u00e9tape est d&rsquo;organiser un RDV, dans vos locaux ou en t\u00e9l\u00e9conf\u00e9rence, pour \u00e9tablir ensemble un cahier des charges pr\u00e9cis. Cliquez ici pour <a href=\"https:\/\/chat.scriptdoctor.fr\/php\/app.php?widget-iframe-content\" target=\"_blank\" rel=\"noopener\">nous contacter<\/a>.<\/p>\n<p><span style=\"font-size:1.1rem;\">\u2777<\/span> La semaine suivante, vous recevez gratuitement une proposition orale de pitch(s) \u00e9ligible(s) \u00e0 notre mod\u00e8le d&rsquo;\u00e9criture (m\u00eame s&rsquo;il est possible que nous ne trouvions pas de solution pour \u00e9crire de fa\u00e7on agile le projet que vous avez dans la t\u00eate). Si un pitch vous pla\u00eet, vous engagez votre commande. Dans le cas contraire, vous n&rsquo;avez rien \u00e0 d\u00e9penser.<\/p>\n<p><span style=\"font-size:1.1rem;\">\u2778<\/span> 15 jours ouvr\u00e9s plus tard en moyenne, vous disposez de votre bible ou document (voir les options).<\/p>\n<h3><u>Obtenez rapidement le sc\u00e9nario que vous avez dans la t\u00eate.<\/u><\/h3>\n<p><img decoding=\"async\" src=\"https:\/\/scriptdoctor.fr\/boutique\/wp-content\/uploads\/2023\/08\/atelier-ecriture-agile-petit.gif\" title=\"Un sc\u00e9nario command\u00e9 \u00e0 l'atelier HC\" class=\"alignnone wp-image-17087\" style=\"border: 1px solid #e5e5e5;\"\/><\/p>\n","protected":false},"excerpt":{"rendered":"<p>High Concept dispose de son propre atelier d&rsquo;\u00e9criture : via ce service d&rsquo;externalisation de l&rsquo;\u00e9criture nous livrons aux producteurs des bibles et sc\u00e9narios cl\u00e9 en main en un temps record.<\/p>\n","protected":false},"featured_media":14817,"template":"","meta":{"_genesis_hide_title":false,"_genesis_hide_breadcrumbs":false,"_genesis_hide_singular_image":false,"_genesis_hide_footer_widgets":false,"_genesis_custom_body_class":"","_genesis_custom_post_class":"","_genesis_layout":""},"product_brand":[],"product_cat":[987],"product_tag":[],"class_list":{"0":"post-15606","1":"product","2":"type-product","3":"status-publish","4":"has-post-thumbnail","6":"product_cat-ecriture-scenario","7":"post","8":"entry","10":"first","11":"instock","12":"taxable","13":"shipping-taxable","14":"purchasable","15":"product-type-variable"},"_links":{"self":[{"href":"https:\/\/scriptdoctor.fr\/boutique\/wp-json\/wp\/v2\/product\/15606","targetHints":{"allow":["GET"]}}],"collection":[{"href":"https:\/\/scriptdoctor.fr\/boutique\/wp-json\/wp\/v2\/product"}],"about":[{"href":"https:\/\/scriptdoctor.fr\/boutique\/wp-json\/wp\/v2\/types\/product"}],"wp:featuredmedia":[{"embeddable":true,"href":"https:\/\/scriptdoctor.fr\/boutique\/wp-json\/wp\/v2\/media\/14817"}],"wp:attachment":[{"href":"https:\/\/scriptdoctor.fr\/boutique\/wp-json\/wp\/v2\/media?parent=15606"}],"wp:term":[{"taxonomy":"product_brand","embeddable":true,"href":"https:\/\/scriptdoctor.fr\/boutique\/wp-json\/wp\/v2\/product_brand?post=15606"},{"taxonomy":"product_cat","embeddable":true,"href":"https:\/\/scriptdoctor.fr\/boutique\/wp-json\/wp\/v2\/product_cat?post=15606"},{"taxonomy":"product_tag","embeddable":true,"href":"https:\/\/scriptdoctor.fr\/boutique\/wp-json\/wp\/v2\/product_tag?post=15606"}],"curies":[{"name":"wp","href":"https:\/\/api.w.org\/{rel}","templated":true}]}}