{"id":15589,"date":"2023-05-02T13:43:28","date_gmt":"2023-05-02T11:43:28","guid":{"rendered":"https:\/\/scriptdoctor.fr\/boutique\/?post_type=product&#038;p=15589"},"modified":"2023-05-16T09:28:24","modified_gmt":"2023-05-16T07:28:24","slug":"cours-scenario-ecole","status":"publish","type":"product","link":"https:\/\/scriptdoctor.fr\/boutique\/tarif\/cours-scenario-ecole\/","title":{"rendered":"Cours de sc\u00e9nario pour les \u00e9coles et organismes de form."},"content":{"rendered":"<p>En tant qu&rsquo;organisme de formation agr\u00e9\u00e9, High Concept&nbsp;:<\/p>\n<li>anime depuis 2009 des cours de sc\u00e9nario et des ateliers d&rsquo;\u00e9criture dans des \u00e9coles et organismes de formation renomm\u00e9s (CONSERVATOIRE EUROP\u00c9EN D\u2019\u00c9CRITURE AUDIOVISUELLE, ACFA MULTIMEDIA, ESRA C\u00d4TE D\u2019AZUR, CEFPF, MILLE SABORDS, IIM DIGITAL SCHOOL, \u00c9COLE DE GUERRE \u00c9CONOMIQUE, UNIVERSIT\u00c9 SORBONNE NOUVELLE, etc.)<\/li>\n<li>propose un large choix de formations qui s&rsquo;adaptent \u00e0 vos besoins<\/li>\n<li>dispose d&rsquo;une p\u00e9dagogie \u00e9prouv\u00e9e et d&rsquo;un contenu adapt\u00e9 aux grands amphith\u00e9\u00e2tres comme aux groupes restreints d&rsquo;\u00e9tudiants.<\/li>\n<p><\/br><\/p>\n<p>Pour un volume horaire cons\u00e9quent, des remises tarifaires peuvent \u00eatre accord\u00e9es. <a href=\"https:\/\/chat.scriptdoctor.fr\/php\/app.php?widget-iframe-content\" target=\"_blank\" rel=\"noopener\">Nous contacter<\/a>.<\/p>\n","protected":false},"excerpt":{"rendered":"<p>Tarif horaire d&rsquo;un cours d&rsquo;initiation \u00e0 l&rsquo;\u00e9criture agile pour vos \u00e9tudiants.<\/p>\n","protected":false},"featured_media":9576,"template":"","meta":{"_genesis_hide_title":false,"_genesis_hide_breadcrumbs":false,"_genesis_hide_singular_image":false,"_genesis_hide_footer_widgets":false,"_genesis_custom_body_class":"","_genesis_custom_post_class":"","_genesis_layout":""},"product_brand":[],"product_cat":[36],"product_tag":[],"class_list":{"0":"post-15589","1":"product","2":"type-product","3":"status-publish","4":"has-post-thumbnail","6":"product_cat-formation-ecriture-agile","7":"post","8":"entry","10":"first","11":"instock","12":"taxable","13":"shipping-taxable","14":"purchasable","15":"product-type-simple"},"_links":{"self":[{"href":"https:\/\/scriptdoctor.fr\/boutique\/wp-json\/wp\/v2\/product\/15589","targetHints":{"allow":["GET"]}}],"collection":[{"href":"https:\/\/scriptdoctor.fr\/boutique\/wp-json\/wp\/v2\/product"}],"about":[{"href":"https:\/\/scriptdoctor.fr\/boutique\/wp-json\/wp\/v2\/types\/product"}],"wp:featuredmedia":[{"embeddable":true,"href":"https:\/\/scriptdoctor.fr\/boutique\/wp-json\/wp\/v2\/media\/9576"}],"wp:attachment":[{"href":"https:\/\/scriptdoctor.fr\/boutique\/wp-json\/wp\/v2\/media?parent=15589"}],"wp:term":[{"taxonomy":"product_brand","embeddable":true,"href":"https:\/\/scriptdoctor.fr\/boutique\/wp-json\/wp\/v2\/product_brand?post=15589"},{"taxonomy":"product_cat","embeddable":true,"href":"https:\/\/scriptdoctor.fr\/boutique\/wp-json\/wp\/v2\/product_cat?post=15589"},{"taxonomy":"product_tag","embeddable":true,"href":"https:\/\/scriptdoctor.fr\/boutique\/wp-json\/wp\/v2\/product_tag?post=15589"}],"curies":[{"name":"wp","href":"https:\/\/api.w.org\/{rel}","templated":true}]}}