{"id":15585,"date":"2023-05-02T13:06:29","date_gmt":"2023-05-02T11:06:29","guid":{"rendered":"https:\/\/scriptdoctor.fr\/boutique\/?post_type=product&#038;p=15585"},"modified":"2023-09-22T16:19:52","modified_gmt":"2023-09-22T14:19:52","slug":"formation-ecriture-etudiant","status":"publish","type":"product","link":"https:\/\/scriptdoctor.fr\/boutique\/tarif\/formation-ecriture-etudiant\/","title":{"rendered":"Le pack d&rsquo;archives 2012 : e-learning pour les \u00e9tudiants"},"content":{"rendered":"<p>High Concept est \u00e0 l&rsquo;origine un blog vid\u00e9o&nbsp;: celui du cofondateur de notre m\u00e9thode d&rsquo;\u00e9criture agile. Entre 2012 et 2015, C\u00e9dric Salmon y proposait des cours vid\u00e9o du lundi au vendredi, \u00e0 prix r\u00e9duit (5 euros \/ vid\u00e9o). Ce pack contient l&rsquo;int\u00e9gralit\u00e9 de cette formation en ligne communautaire, soit 4 h de vid\u00e9o en basse r\u00e9solution, pour&nbsp;: <\/p>\n<ul>\n<li>b\u00e9n\u00e9ficier d&rsquo;un prix avantageux, inchang\u00e9 depuis 2012<\/li>\n<li>concevoir et r\u00e9diger professionnellement un projet de fiction \u00e0 fort potentiel d&rsquo;adh\u00e9sion \u00e0 partir de la page blanche<\/li>\n<li>ma\u00eetriser deux genres majeurs du sc\u00e9nario&nbsp;: le Policier et la Com\u00e9die<\/li>\n<li>concevoir et r\u00e9diger professionnellement une bible ou un \u00e9pisode de s\u00e9rie TV comme un <i>showrunner<\/i><\/li>\n<li>trouver un producteur pour vendre un sc\u00e9nario et devenir sc\u00e9nariste.<\/li>\n<\/ul>\n<p>Cliquez sur la banni\u00e8re pour voir un extrait de la formation&nbsp;:<br \/>\n<a href=\"\/boutique\/video\/archive-concept\/\" target=\"_blank\" rel=\"noopener\"><img loading=\"lazy\" decoding=\"async\" src=\"https:\/\/scriptdoctor.fr\/boutique\/wp-content\/uploads\/2023\/05\/trouver-un-producteur-prix-vendre-proposer-d-un-scenario-son-idee-devenir-scenariste.gif\" alt=\"\" width=\"125\" height=\"125\" class=\"alignnone size-full wp-image-16109\" srcset=\"https:\/\/scriptdoctor.fr\/boutique\/wp-content\/uploads\/2023\/05\/trouver-un-producteur-prix-vendre-proposer-d-un-scenario-son-idee-devenir-scenariste.gif 125w, https:\/\/scriptdoctor.fr\/boutique\/wp-content\/uploads\/2023\/05\/trouver-un-producteur-prix-vendre-proposer-d-un-scenario-son-idee-devenir-scenariste-100x100.gif 100w, https:\/\/scriptdoctor.fr\/boutique\/wp-content\/uploads\/2023\/05\/trouver-un-producteur-prix-vendre-proposer-d-un-scenario-son-idee-devenir-scenariste-75x75.gif 75w, https:\/\/scriptdoctor.fr\/boutique\/wp-content\/uploads\/2023\/05\/trouver-un-producteur-prix-vendre-proposer-d-un-scenario-son-idee-devenir-scenariste-45x45.gif 45w, https:\/\/scriptdoctor.fr\/boutique\/wp-content\/uploads\/2023\/05\/trouver-un-producteur-prix-vendre-proposer-d-un-scenario-son-idee-devenir-scenariste-32x32.gif 32w\" sizes=\"auto, (max-width: 125px) 100vw, 125px\" \/><\/a><\/p>\n","protected":false},"excerpt":{"rendered":"<p>4 h de formation vid\u00e9o \u00e0 l&rsquo;\u00e9criture agile, pour les petits budgets. Tout niveau.<\/p>\n","protected":false},"featured_media":1610,"template":"","meta":{"_genesis_hide_title":false,"_genesis_hide_breadcrumbs":false,"_genesis_hide_singular_image":false,"_genesis_hide_footer_widgets":false,"_genesis_custom_body_class":"","_genesis_custom_post_class":"","_genesis_layout":""},"product_brand":[],"product_cat":[36,40],"product_tag":[],"class_list":{"0":"post-15585","1":"product","2":"type-product","3":"status-publish","4":"has-post-thumbnail","6":"product_cat-formation-ecriture-agile","7":"product_cat-masterclass-scenariste","8":"post","9":"entry","11":"first","12":"instock","13":"sale","14":"virtual","15":"taxable","16":"purchasable","17":"product-type-simple"},"_links":{"self":[{"href":"https:\/\/scriptdoctor.fr\/boutique\/wp-json\/wp\/v2\/product\/15585","targetHints":{"allow":["GET"]}}],"collection":[{"href":"https:\/\/scriptdoctor.fr\/boutique\/wp-json\/wp\/v2\/product"}],"about":[{"href":"https:\/\/scriptdoctor.fr\/boutique\/wp-json\/wp\/v2\/types\/product"}],"wp:featuredmedia":[{"embeddable":true,"href":"https:\/\/scriptdoctor.fr\/boutique\/wp-json\/wp\/v2\/media\/1610"}],"wp:attachment":[{"href":"https:\/\/scriptdoctor.fr\/boutique\/wp-json\/wp\/v2\/media?parent=15585"}],"wp:term":[{"taxonomy":"product_brand","embeddable":true,"href":"https:\/\/scriptdoctor.fr\/boutique\/wp-json\/wp\/v2\/product_brand?post=15585"},{"taxonomy":"product_cat","embeddable":true,"href":"https:\/\/scriptdoctor.fr\/boutique\/wp-json\/wp\/v2\/product_cat?post=15585"},{"taxonomy":"product_tag","embeddable":true,"href":"https:\/\/scriptdoctor.fr\/boutique\/wp-json\/wp\/v2\/product_tag?post=15585"}],"curies":[{"name":"wp","href":"https:\/\/api.w.org\/{rel}","templated":true}]}}