{"id":15435,"date":"2023-04-18T12:34:38","date_gmt":"2023-04-18T10:34:38","guid":{"rendered":"https:\/\/scriptdoctor.fr\/boutique\/?post_type=product&#038;p=15435"},"modified":"2023-07-26T15:19:10","modified_gmt":"2023-07-26T13:19:10","slug":"formation-continue-ecriture-scenario","status":"publish","type":"product","link":"https:\/\/scriptdoctor.fr\/boutique\/tarif\/formation-continue-ecriture-scenario\/","title":{"rendered":"Masterclass vid\u00e9o th\u00e9matique : pack 10 formations"},"content":{"rendered":"<p>Nous proposons deux formations compl\u00e9mentaires \u00e0 l&rsquo;\u00e9criture agile :<\/p>\n<ul>\n<li>un programme p\u00e9dagogique socle et un programme plus avanc\u00e9 (qui est accessible apr\u00e8s avoir suivi la premi\u00e8re formation)<\/li>\n<li>compos\u00e9es chacune d&rsquo;un pack de <a href=\"\/boutique\/tarif\/masterclass-ecriture\" target=\"_blank\" rel=\"noopener\">10 masterclass vid\u00e9os (valeur&nbsp;: 10 x 200 \u20ac TTC)<\/a> <mark>pour b\u00e9n\u00e9ficier d&rsquo;un tarif de gros (-50% par formation)<\/mark><\/li>\n<li>pl\u00e9biscit\u00e9es par des sc\u00e9naristes professionnels<\/li>\n<li>avec des ateliers d\u2019\u00e9criture en ligne et des journ\u00e9es de formation offertes en bonus<\/li>\n<li>pour mettre en place notre mod\u00e8le d\u2019\u00e9criture agile sur vos projets et obtenir le sc\u00e9nario que vous avez dans la t\u00eate<\/li>\n<li>pour \u00eatre \u00e9ligible \u00e0 notre <a href=\"\/#qualification\" target=\"_blank\" rel=\"noopener\">label interne de qualit\u00e9<\/a> qui permet d&rsquo;int\u00e9grer notre atelier d\u2019\u00e9criture<\/li>\n<\/ul>\n<p>Rejoignez-nous d\u00e8s maintenant et prenez le contr\u00f4le de votre sc\u00e9nario\u00a0!<\/p>\n","protected":false},"excerpt":{"rendered":"<p>Acc\u00e9dez \u00e0 notre formation continue d\u2019\u00e9criture agile de sc\u00e9nario\u00a0: un programme p\u00e9dagogique de 10 masterclass vid\u00e9os, con\u00e7u pour les auteurs ambitieux qui veulent \u00e9crire et vendre leurs fictions rapidement.<\/p>\n","protected":false},"featured_media":1610,"template":"","meta":{"_genesis_hide_title":false,"_genesis_hide_breadcrumbs":false,"_genesis_hide_singular_image":false,"_genesis_hide_footer_widgets":false,"_genesis_custom_body_class":"","_genesis_custom_post_class":"","_genesis_layout":""},"product_brand":[],"product_cat":[36,40],"product_tag":[],"class_list":{"0":"post-15435","1":"product","2":"type-product","3":"status-publish","4":"has-post-thumbnail","6":"product_cat-formation-ecriture-agile","7":"product_cat-masterclass-scenariste","8":"post","9":"entry","11":"first","12":"instock","13":"sale","14":"taxable","15":"shipping-taxable","16":"purchasable","17":"product-type-variable"},"_links":{"self":[{"href":"https:\/\/scriptdoctor.fr\/boutique\/wp-json\/wp\/v2\/product\/15435","targetHints":{"allow":["GET"]}}],"collection":[{"href":"https:\/\/scriptdoctor.fr\/boutique\/wp-json\/wp\/v2\/product"}],"about":[{"href":"https:\/\/scriptdoctor.fr\/boutique\/wp-json\/wp\/v2\/types\/product"}],"wp:featuredmedia":[{"embeddable":true,"href":"https:\/\/scriptdoctor.fr\/boutique\/wp-json\/wp\/v2\/media\/1610"}],"wp:attachment":[{"href":"https:\/\/scriptdoctor.fr\/boutique\/wp-json\/wp\/v2\/media?parent=15435"}],"wp:term":[{"taxonomy":"product_brand","embeddable":true,"href":"https:\/\/scriptdoctor.fr\/boutique\/wp-json\/wp\/v2\/product_brand?post=15435"},{"taxonomy":"product_cat","embeddable":true,"href":"https:\/\/scriptdoctor.fr\/boutique\/wp-json\/wp\/v2\/product_cat?post=15435"},{"taxonomy":"product_tag","embeddable":true,"href":"https:\/\/scriptdoctor.fr\/boutique\/wp-json\/wp\/v2\/product_tag?post=15435"}],"curies":[{"name":"wp","href":"https:\/\/api.w.org\/{rel}","templated":true}]}}