{"id":14929,"date":"2023-03-06T16:14:50","date_gmt":"2023-03-06T15:14:50","guid":{"rendered":"https:\/\/scriptdoctor.fr\/boutique\/?post_type=product&#038;p=14929"},"modified":"2023-05-16T09:31:06","modified_gmt":"2023-05-16T07:31:06","slug":"modeles-et-exemples-de-bibles-et-scenarios","status":"publish","type":"product","link":"https:\/\/scriptdoctor.fr\/boutique\/tarif\/modeles-et-exemples-de-bibles-et-scenarios\/","title":{"rendered":"Pack :  exemples de sc\u00e9narios + 2 manuels de formatage"},"content":{"rendered":"<p>Ce pack contient&nbsp;: \u2776 nos exemples de bibles et sc\u00e9narios + \u2777 nos manuels de formatage de doc. de sc\u00e9nariste \u00e0 t\u00e9l\u00e9charger.<\/p>\n<h3>\u2776 <a href=\"\/boutique\/tarif\/exemples-de-bibles-et-scenarios-a-telecharger\/\" target=\"_blank\" rel=\"noopener\">Nos exemples de sc\u00e9narios, bibles et autres documents de travail (valeur&nbsp;: 250&nbsp;\u20ac)<\/a><\/h3>\n<ul>\n<li>un court-m\u00e9trage fantastique (prix du meilleur sc\u00e9nario d\u00e9cern\u00e9 par le jury de Claude Zidi)&nbsp;: le sc\u00e9nario dialogu\u00e9,<\/li>\n<li>un long-m\u00e9trage de com\u00e9die (optionn\u00e9)&nbsp;: le concept, le traitement, la note d&rsquo;intention et les fiches des personnages,<\/li>\n<li>un long-m\u00e9trage biopic (commande)&nbsp;: le pitch, le synopsis, les documents de travail, le s\u00e9quencier et le sc\u00e9nario dialogu\u00e9 de l&rsquo;\u00e9pisode pilote,<\/li>\n<li>une sitcom de 26 min. (produite)&nbsp;: le synopsis et le sc\u00e9nario dialogu\u00e9 de l&rsquo;\u00e9pisode pilote,<\/li>\n<li>une s\u00e9rie TV de 52 min. d&rsquo;anticipation (prix du Fonds d&rsquo;aide \u00e0 l&rsquo;innovation du CNC)&nbsp;: le dossier artistique complet de demande d&rsquo;aide du CNC et le sc\u00e9nario dialogu\u00e9 du pilote,<\/li>\n<li>une s\u00e9rie TV de 90 min. polici\u00e8re (commande)&nbsp;: la bible (graphique) et le traitement du pilote,<\/li>\n<\/ul>\n<p>Avec ces 414 pages de documents, les cr\u00e9ateurs de la m\u00e9thode d&rsquo;\u00e9criture agile High Concept\u00ae vous donnent \u00e0 lire leurs propres documents de travail de sc\u00e9nariste, valoris\u00e9s dans la profession (vente \u00e0 un producteur ou \u00e0 un diffuseur, obtention du fonds d&rsquo;aide \u00e0 l&rsquo;\u00e9criture du CNC, etc.), afin de vous familiariser avec les usages de l&rsquo;audiovisuel.<\/p>\n<h3>\u2777 <a href=\"\/boutique\/tarif\/modele-de-mise-en-page-de-scenario\/\" target=\"_blank\" rel=\"noopener\">Nos manuels de documents de sc\u00e9nariste \u00e0 t\u00e9l\u00e9charger (valeur&nbsp;: 2 x 250 = 500&nbsp;\u20ac)<\/a><\/h3>\n<ul>\n<li>un <a href=\"\/boutique\/video\/extrait-cours-scenario-mise-en-page-concept\/\" target=\"_blank\" rel=\"noopener\">document de concept<\/a> (synopsis court de s\u00e9rie, d&rsquo;\u00e9pisode et de long m\u00e9trage)<\/li>\n<li>un <a href=\"\/boutique\/video\/extrait-cours-scenario-dossier-de-recherche\/\" target=\"_blank\" rel=\"noopener\">dossier de recherche<\/a> (support de brainstorming)\n<\/ul>\n<p>Ces deux mod\u00e8les vierges pour les sc\u00e9naristes, mis en forme selon les standards de la profession, sont t\u00e9l\u00e9chargeables au format DOCX (Word), RTF et PDF, pour mettre en page votre projet de fa\u00e7on professionnelle et structur\u00e9e. Ils sont accompagn\u00e9s d&rsquo;une notice vid\u00e9o d&rsquo;un script doctor senior pour apprendre \u00e0 les utiliser.<\/p>\n","protected":false},"excerpt":{"rendered":"<p>La totalit\u00e9 de nos exemples de bibles de s\u00e9ries TV et de sc\u00e9narios + nos mod\u00e8les de documents de sc\u00e9nariste, en un seul pack.<\/p>\n","protected":false},"featured_media":11356,"template":"","meta":{"_genesis_hide_title":false,"_genesis_hide_breadcrumbs":false,"_genesis_hide_singular_image":false,"_genesis_hide_footer_widgets":false,"_genesis_custom_body_class":"","_genesis_custom_post_class":"","_genesis_layout":""},"product_brand":[],"product_cat":[985],"product_tag":[],"class_list":{"0":"post-14929","1":"product","2":"type-product","3":"status-publish","4":"has-post-thumbnail","6":"product_cat-exemple-document-type","7":"post","8":"entry","10":"first","11":"instock","12":"sale","13":"downloadable","14":"virtual","15":"taxable","16":"purchasable","17":"product-type-simple"},"_links":{"self":[{"href":"https:\/\/scriptdoctor.fr\/boutique\/wp-json\/wp\/v2\/product\/14929","targetHints":{"allow":["GET"]}}],"collection":[{"href":"https:\/\/scriptdoctor.fr\/boutique\/wp-json\/wp\/v2\/product"}],"about":[{"href":"https:\/\/scriptdoctor.fr\/boutique\/wp-json\/wp\/v2\/types\/product"}],"wp:featuredmedia":[{"embeddable":true,"href":"https:\/\/scriptdoctor.fr\/boutique\/wp-json\/wp\/v2\/media\/11356"}],"wp:attachment":[{"href":"https:\/\/scriptdoctor.fr\/boutique\/wp-json\/wp\/v2\/media?parent=14929"}],"wp:term":[{"taxonomy":"product_brand","embeddable":true,"href":"https:\/\/scriptdoctor.fr\/boutique\/wp-json\/wp\/v2\/product_brand?post=14929"},{"taxonomy":"product_cat","embeddable":true,"href":"https:\/\/scriptdoctor.fr\/boutique\/wp-json\/wp\/v2\/product_cat?post=14929"},{"taxonomy":"product_tag","embeddable":true,"href":"https:\/\/scriptdoctor.fr\/boutique\/wp-json\/wp\/v2\/product_tag?post=14929"}],"curies":[{"name":"wp","href":"https:\/\/api.w.org\/{rel}","templated":true}]}}