{"id":14832,"date":"2023-02-23T13:37:53","date_gmt":"2023-02-23T12:37:53","guid":{"rendered":"https:\/\/scriptdoctor.fr\/boutique\/?post_type=product&#038;p=14832"},"modified":"2023-05-16T09:31:53","modified_gmt":"2023-05-16T07:31:53","slug":"modele-de-mise-en-page-de-scenario","status":"publish","type":"product","link":"https:\/\/scriptdoctor.fr\/boutique\/tarif\/modele-de-mise-en-page-de-scenario\/","title":{"rendered":"Manuel de formatage d&rsquo;un doc. de sc\u00e9nariste : \u00e0 l&rsquo;unit\u00e9"},"content":{"rendered":"<p>Un document de travail type pour les sc\u00e9naristes, mis en forme selon les standards de la profession, t\u00e9l\u00e9chargeable au format DOCX (Word), RTF et PDF, \u00e0 choisir selon vos besoins\u00a0:<\/p>\n<ul>\n<li>document de concept (synopsis court de s\u00e9rie, d&rsquo;\u00e9pisode et de long m\u00e9trage),<\/li>\n<li>dossier de recherche (support de brainstorming).<\/li>\n<\/ul>\n<p>Chaque document est\u00a0:<\/p>\n<ul>\n<li>un mod\u00e8le vierge \u00e0 remplir pour mettre en page votre projet de fa\u00e7on professionnelle et structur\u00e9e,<\/li>\n<li>accompagn\u00e9 d&rsquo;une notice vid\u00e9o d&rsquo;un script doctor senior pour apprendre \u00e0 l&rsquo;utiliser,<\/li>\n<li>optimis\u00e9 gr\u00e2ce \u00e0 nos ann\u00e9es d&rsquo;exp\u00e9rience en cr\u00e9ation de fictions originales et en script-doctoring,<\/li>\n<li>valid\u00e9 par la pratique (dossiers laur\u00e9ats du CNC, vente \u00e0 des diffuseurs, etc.),<\/li>\n<li>employ\u00e9 syst\u00e9matiquement dans nos ateliers d&rsquo;\u00e9criture HC\u00ae.<\/li>\n<\/ul>\n","protected":false},"excerpt":{"rendered":"<p>T\u00e9l\u00e9chargez un mod\u00e8le de document de sc\u00e9nariste au choix (concept de s\u00e9rie et synopsis d&rsquo;unitaire, dossier de recherche, etc.) et acc\u00e9dez \u00e0 sa notice d&rsquo;utilisation en vid\u00e9o.<\/p>\n","protected":false},"featured_media":11356,"template":"","meta":{"_genesis_hide_title":false,"_genesis_hide_breadcrumbs":false,"_genesis_hide_singular_image":false,"_genesis_hide_footer_widgets":false,"_genesis_custom_body_class":"","_genesis_custom_post_class":"","_genesis_layout":""},"product_brand":[],"product_cat":[985],"product_tag":[],"class_list":{"0":"post-14832","1":"product","2":"type-product","3":"status-publish","4":"has-post-thumbnail","6":"product_cat-exemple-document-type","7":"post","8":"entry","10":"first","11":"instock","12":"taxable","13":"shipping-taxable","14":"purchasable","15":"product-type-variable"},"_links":{"self":[{"href":"https:\/\/scriptdoctor.fr\/boutique\/wp-json\/wp\/v2\/product\/14832","targetHints":{"allow":["GET"]}}],"collection":[{"href":"https:\/\/scriptdoctor.fr\/boutique\/wp-json\/wp\/v2\/product"}],"about":[{"href":"https:\/\/scriptdoctor.fr\/boutique\/wp-json\/wp\/v2\/types\/product"}],"wp:featuredmedia":[{"embeddable":true,"href":"https:\/\/scriptdoctor.fr\/boutique\/wp-json\/wp\/v2\/media\/11356"}],"wp:attachment":[{"href":"https:\/\/scriptdoctor.fr\/boutique\/wp-json\/wp\/v2\/media?parent=14832"}],"wp:term":[{"taxonomy":"product_brand","embeddable":true,"href":"https:\/\/scriptdoctor.fr\/boutique\/wp-json\/wp\/v2\/product_brand?post=14832"},{"taxonomy":"product_cat","embeddable":true,"href":"https:\/\/scriptdoctor.fr\/boutique\/wp-json\/wp\/v2\/product_cat?post=14832"},{"taxonomy":"product_tag","embeddable":true,"href":"https:\/\/scriptdoctor.fr\/boutique\/wp-json\/wp\/v2\/product_tag?post=14832"}],"curies":[{"name":"wp","href":"https:\/\/api.w.org\/{rel}","templated":true}]}}