{"id":14749,"date":"2023-02-13T14:06:29","date_gmt":"2023-02-13T13:06:29","guid":{"rendered":"https:\/\/scriptdoctor.fr\/boutique\/?post_type=product&#038;p=14749"},"modified":"2023-02-22T16:57:17","modified_gmt":"2023-02-22T15:57:17","slug":"journee-incentive-en-entreprise","status":"publish","type":"product","link":"https:\/\/scriptdoctor.fr\/boutique\/tarif\/journee-incentive-en-entreprise\/","title":{"rendered":"Journ\u00e9es incentive : \u00e9crire une s\u00e9rie tv en \u00e9quipe"},"content":{"rendered":"<p>Pendant deux jours, votre \u00e9quipe acc\u00e8de \u00e0 notre atelier d&rsquo;\u00e9criture, guid\u00e9e par un script doctor professionnel en charge de vous transmettre les bases th\u00e9oriques indispensables pour cr\u00e9er votre sc\u00e9nario. Un moment ludique sans enjeu pour laisser libre court \u00e0 la cr\u00e9ativit\u00e9 de chacun. <\/p>\n<p>\u00c0 partir de trois participants minimum, l&rsquo;atelier vous permettra de&nbsp;:<\/p>\n<ul>\n<li>d\u00e9couvrir les fondamentaux de toute histoire addictive \u00e0 l&rsquo;aide d&rsquo;extraits de films et s\u00e9ries TV,<\/li>\n<li>s&rsquo;immerger dans le fonctionnement collectif d&rsquo;un atelier d&rsquo;\u00e9criture,<\/li>\n<li>cr\u00e9er in situ un sc\u00e9nario de niveau professionnel (th\u00e8me et format selon votre choix),<\/li>\n<li>r\u00e9diger \u00e0 plusieurs mains une bible ou un sc\u00e9nario comme dans une writing room am\u00e9ricaine,<\/li>\n<li>recevoir un dipl\u00f4me qui consacre votre performance.<\/li>\n","protected":false},"excerpt":{"rendered":"<p>Offrez \u00e0 vos collaborateurs l&rsquo;exp\u00e9rience unique d&rsquo;int\u00e9grer pendant deux jours un atelier d&rsquo;\u00e9criture de s\u00e9ries TV et \u00e9crivez ensemble votre sc\u00e9nario.<\/p>\n","protected":false},"featured_media":14817,"template":"","meta":{"_genesis_hide_title":false,"_genesis_hide_breadcrumbs":false,"_genesis_hide_singular_image":false,"_genesis_hide_footer_widgets":false,"_genesis_custom_body_class":"","_genesis_custom_post_class":"","_genesis_layout":""},"product_brand":[],"product_cat":[1001],"product_tag":[],"class_list":{"0":"post-14749","1":"product","2":"type-product","3":"status-publish","4":"has-post-thumbnail","6":"product_cat-incentive-storytelling-marque","7":"post","8":"entry","10":"first","11":"instock","12":"taxable","13":"shipping-taxable","14":"purchasable","15":"product-type-simple"},"_links":{"self":[{"href":"https:\/\/scriptdoctor.fr\/boutique\/wp-json\/wp\/v2\/product\/14749","targetHints":{"allow":["GET"]}}],"collection":[{"href":"https:\/\/scriptdoctor.fr\/boutique\/wp-json\/wp\/v2\/product"}],"about":[{"href":"https:\/\/scriptdoctor.fr\/boutique\/wp-json\/wp\/v2\/types\/product"}],"wp:featuredmedia":[{"embeddable":true,"href":"https:\/\/scriptdoctor.fr\/boutique\/wp-json\/wp\/v2\/media\/14817"}],"wp:attachment":[{"href":"https:\/\/scriptdoctor.fr\/boutique\/wp-json\/wp\/v2\/media?parent=14749"}],"wp:term":[{"taxonomy":"product_brand","embeddable":true,"href":"https:\/\/scriptdoctor.fr\/boutique\/wp-json\/wp\/v2\/product_brand?post=14749"},{"taxonomy":"product_cat","embeddable":true,"href":"https:\/\/scriptdoctor.fr\/boutique\/wp-json\/wp\/v2\/product_cat?post=14749"},{"taxonomy":"product_tag","embeddable":true,"href":"https:\/\/scriptdoctor.fr\/boutique\/wp-json\/wp\/v2\/product_tag?post=14749"}],"curies":[{"name":"wp","href":"https:\/\/api.w.org\/{rel}","templated":true}]}}