{"id":14747,"date":"2023-02-13T13:33:28","date_gmt":"2023-02-13T12:33:28","guid":{"rendered":"https:\/\/scriptdoctor.fr\/boutique\/?post_type=product&#038;p=14747"},"modified":"2023-05-05T11:02:50","modified_gmt":"2023-05-05T09:02:50","slug":"formation-storytelling-de-marque","status":"publish","type":"product","link":"https:\/\/scriptdoctor.fr\/boutique\/tarif\/formation-storytelling-de-marque\/","title":{"rendered":"Une journ\u00e9e de formation en \u00e9quipe, sur mesure"},"content":{"rendered":"<p>Une journ\u00e9e de formation, sur-mesure ou adapt\u00e9e de notre catalogue, pour r\u00e9pondre aux probl\u00e9matiques sp\u00e9cifiques de vos \u00e9quipes&nbsp;:<\/p>\n<ul>\n<li>anim\u00e9e par les cr\u00e9ateurs de High Concept, leader en France de l\u2019enseignement des techniques d\u2019\u00e9criture professionnelles des s\u00e9ries TV, de la cr\u00e9ativit\u00e9, des genres et du marketing des fictions,<\/li>\n<li>pour acc\u00e9der \u00e0 l&rsquo;essentiel des m\u00e9thodes d\u2019\u00e9criture nationales et internationales avec l&rsquo;integration des derni\u00e8res tendances du march\u00e9, gr\u00e2ce \u00e0 notre veille permanente de la fiction, tous genres et tous formats confondus,<\/li>\n<li>selon un programme de formation \u00e9tabli avec vous, pour r\u00e9pondre \u00e0 vos besoins sp\u00e9cifiques,<\/li>\n<li>une formation compl\u00e8te et imm\u00e9diatement applicable, dispens\u00e9e depuis 2009 tous types de profils (membres de direction, commerciaux, responsables marketing, formation ou RH, personnalit\u00e9s politiques, etc.)<\/li>\n<li>\u00e0 partir de quatre participants.<\/li>\n<\/ul>\n","protected":false},"excerpt":{"rendered":"<p>Une journ\u00e9e de formation pour apprendre \u00e0 vos \u00e9quipes \u00e0 cr\u00e9er du contenu (formation interne, storytelling de marque, r\u00e9dactionnel commercial, communication politique, sc\u00e9nario etc.) gr\u00e2ce aux meilleures techniques d&rsquo;\u00e9criture du cin\u00e9ma et des s\u00e9ries TV.<\/p>\n","protected":false},"featured_media":2735,"template":"","meta":{"_genesis_hide_title":false,"_genesis_hide_breadcrumbs":false,"_genesis_hide_singular_image":false,"_genesis_hide_footer_widgets":false,"_genesis_custom_body_class":"","_genesis_custom_post_class":"","_genesis_layout":""},"product_brand":[],"product_cat":[1001],"product_tag":[],"class_list":{"0":"post-14747","1":"product","2":"type-product","3":"status-publish","4":"has-post-thumbnail","6":"product_cat-incentive-storytelling-marque","7":"post","8":"entry","10":"first","11":"instock","12":"taxable","13":"shipping-taxable","14":"purchasable","15":"product-type-simple"},"_links":{"self":[{"href":"https:\/\/scriptdoctor.fr\/boutique\/wp-json\/wp\/v2\/product\/14747","targetHints":{"allow":["GET"]}}],"collection":[{"href":"https:\/\/scriptdoctor.fr\/boutique\/wp-json\/wp\/v2\/product"}],"about":[{"href":"https:\/\/scriptdoctor.fr\/boutique\/wp-json\/wp\/v2\/types\/product"}],"wp:featuredmedia":[{"embeddable":true,"href":"https:\/\/scriptdoctor.fr\/boutique\/wp-json\/wp\/v2\/media\/2735"}],"wp:attachment":[{"href":"https:\/\/scriptdoctor.fr\/boutique\/wp-json\/wp\/v2\/media?parent=14747"}],"wp:term":[{"taxonomy":"product_brand","embeddable":true,"href":"https:\/\/scriptdoctor.fr\/boutique\/wp-json\/wp\/v2\/product_brand?post=14747"},{"taxonomy":"product_cat","embeddable":true,"href":"https:\/\/scriptdoctor.fr\/boutique\/wp-json\/wp\/v2\/product_cat?post=14747"},{"taxonomy":"product_tag","embeddable":true,"href":"https:\/\/scriptdoctor.fr\/boutique\/wp-json\/wp\/v2\/product_tag?post=14747"}],"curies":[{"name":"wp","href":"https:\/\/api.w.org\/{rel}","templated":true}]}}