{"id":14743,"date":"2023-02-13T12:18:39","date_gmt":"2023-02-13T11:18:39","guid":{"rendered":"https:\/\/scriptdoctor.fr\/boutique\/?post_type=product&#038;p=14743"},"modified":"2023-05-25T17:10:15","modified_gmt":"2023-05-25T15:10:15","slug":"preparation-au-pitch","status":"publish","type":"product","link":"https:\/\/scriptdoctor.fr\/boutique\/tarif\/preparation-au-pitch\/","title":{"rendered":"Prise de parole efficace : pr\u00e9paration au pitch"},"content":{"rendered":"<p>Une pr\u00e9paration de trois heures avec un consultant expert en storytelling pour pitcher vos projets (devant un producteur, un diffuseur, un jury de s\u00e9lection) ou pr\u00e9parer une prise de parole en public. Apprenez les secrets du storytelling oral pour vendre vos projets ou vos id\u00e9es\u00a0:<\/p>\n<ul>\n<li>Comment pitcher une fiction pour la vendre\u00a0?<\/li>\n<li>Que pitcher\u00a0?<\/li>\n<li>Quelles erreurs courantes \u00e0 \u00e9viter\u00a0?<\/li>\n<li>Comment pr\u00e9parer son entretien\u00a0?<\/li>\n<li>Quelles sont les sp\u00e9cificit\u00e9s du pitch \u00e0 Hollywood\u00a0?<\/li>\n<\/ul>\n<p>Gr\u00e2ce \u00e0 15 ans d&rsquo;exp\u00e9rience de prise de parole efficace, nous vous aidons \u00e0 :<\/p>\n<ul>\n<li>ma\u00eetriser des techniques \u00e9prouv\u00e9es de storytelling,\n<li>embarquer votre auditoire tout en g\u00e9rant vos \u00e9motions,\n<li>trouver une ou plusieurs accroches en fonction de vos cibles,\n<li>s\u00e9lectionner les mots-cl\u00e9s et l&rsquo;ordre dans lequel les exprimer,\n<li>tester un ou plusieurs argumentaires,\n<li>rester concis et agile,\n<li>\u00eatre \u00e0 l&rsquo;aise dans toutes les situations (pitch court, long, en face \u00e0 face, en conf\u00e9rence, etc.)\n<\/ul>\n","protected":false},"excerpt":{"rendered":"<p>Trois heures de coaching express avec un professionnel du storytelling pour pr\u00e9parer le pitch d&rsquo;un projet ou d&rsquo;une id\u00e9e \u00e0 des partenaires potentiels, avec ou sans prise de parole en public.<\/p>\n","protected":false},"featured_media":1607,"template":"","meta":{"_genesis_hide_title":false,"_genesis_hide_breadcrumbs":false,"_genesis_hide_singular_image":false,"_genesis_hide_footer_widgets":false,"_genesis_custom_body_class":"","_genesis_custom_post_class":"","_genesis_layout":""},"product_brand":[],"product_cat":[236],"product_tag":[],"class_list":{"0":"post-14743","1":"product","2":"type-product","3":"status-publish","4":"has-post-thumbnail","6":"product_cat-accompagnement-ecriture","7":"post","8":"entry","10":"first","11":"instock","12":"taxable","13":"shipping-taxable","14":"purchasable","15":"product-type-simple"},"_links":{"self":[{"href":"https:\/\/scriptdoctor.fr\/boutique\/wp-json\/wp\/v2\/product\/14743","targetHints":{"allow":["GET"]}}],"collection":[{"href":"https:\/\/scriptdoctor.fr\/boutique\/wp-json\/wp\/v2\/product"}],"about":[{"href":"https:\/\/scriptdoctor.fr\/boutique\/wp-json\/wp\/v2\/types\/product"}],"wp:featuredmedia":[{"embeddable":true,"href":"https:\/\/scriptdoctor.fr\/boutique\/wp-json\/wp\/v2\/media\/1607"}],"wp:attachment":[{"href":"https:\/\/scriptdoctor.fr\/boutique\/wp-json\/wp\/v2\/media?parent=14743"}],"wp:term":[{"taxonomy":"product_brand","embeddable":true,"href":"https:\/\/scriptdoctor.fr\/boutique\/wp-json\/wp\/v2\/product_brand?post=14743"},{"taxonomy":"product_cat","embeddable":true,"href":"https:\/\/scriptdoctor.fr\/boutique\/wp-json\/wp\/v2\/product_cat?post=14743"},{"taxonomy":"product_tag","embeddable":true,"href":"https:\/\/scriptdoctor.fr\/boutique\/wp-json\/wp\/v2\/product_tag?post=14743"}],"curies":[{"name":"wp","href":"https:\/\/api.w.org\/{rel}","templated":true}]}}