{"id":14736,"date":"2023-02-09T15:44:41","date_gmt":"2023-02-09T14:44:41","guid":{"rendered":"https:\/\/scriptdoctor.fr\/boutique\/?post_type=product&#038;p=14736"},"modified":"2023-02-22T13:07:54","modified_gmt":"2023-02-22T12:07:54","slug":"atelier-creatif","status":"publish","type":"product","link":"https:\/\/scriptdoctor.fr\/boutique\/tarif\/atelier-creatif\/","title":{"rendered":"L&rsquo;atelier cr\u00e9atif en ligne pour les auteurs (4 s\u00e9ances)"},"content":{"rendered":"<p>Un atelier cr\u00e9atif de quatre s\u00e9ances hebdomadaires en vid\u00e9o-conf\u00e9rence d&rsquo;une heure minimum (la dur\u00e9e pouvant varier en fonction du nombre de participants) en compagnie d&rsquo;autres cr\u00e9ateurs de fictions, pour \u00e9changer et d\u00e9velopper son potentiel cr\u00e9atif sur ses projets :<\/p>\n<ul>\n<li>session anim\u00e9e par les fondateurs de la m\u00e9thode d&rsquo;\u00e9criture agile High Concept\u00ae, particuli\u00e8rement propice \u00e0 la cr\u00e9ativit\u00e9,<\/li>\n<li>pour enrichir son panel de techniques de gestion de la cr\u00e9ativit\u00e9,<\/li>\n<li>briser la solitude,<\/li>\n<li>lutter contre la procrastination,<\/li>\n<li>d\u00e9samorcer l&rsquo;autocensure,<\/li>\n<li>d\u00e9marrer les pages du matin, l&rsquo;outil pr\u00e9f\u00e9r\u00e9 des cr\u00e9ateurs de fiction,<\/li>\n<li>con\u00e7u pour les auteurs qui veulent s&rsquo;assurer d&rsquo;avoir des id\u00e9es innovantes.<\/li>\n<\/ul>\n","protected":false},"excerpt":{"rendered":"<p>Un atelier cr\u00e9atif hebdomadaire en ligne d\u00e9di\u00e9 aux cr\u00e9ateurs de fictions, pour doper la cr\u00e9ativit\u00e9, trouver des projets innovants et d\u00e9velopper son univers d&rsquo;auteur.<\/p>\n","protected":false},"featured_media":1607,"template":"","meta":{"_genesis_hide_title":false,"_genesis_hide_breadcrumbs":false,"_genesis_hide_singular_image":false,"_genesis_hide_footer_widgets":false,"_genesis_custom_body_class":"","_genesis_custom_post_class":"","_genesis_layout":""},"product_brand":[],"product_cat":[236],"product_tag":[],"class_list":{"0":"post-14736","1":"product","2":"type-product","3":"status-publish","4":"has-post-thumbnail","6":"product_cat-accompagnement-ecriture","7":"post","8":"entry","10":"first","11":"instock","12":"taxable","13":"shipping-taxable","14":"purchasable","15":"product-type-simple"},"_links":{"self":[{"href":"https:\/\/scriptdoctor.fr\/boutique\/wp-json\/wp\/v2\/product\/14736","targetHints":{"allow":["GET"]}}],"collection":[{"href":"https:\/\/scriptdoctor.fr\/boutique\/wp-json\/wp\/v2\/product"}],"about":[{"href":"https:\/\/scriptdoctor.fr\/boutique\/wp-json\/wp\/v2\/types\/product"}],"wp:featuredmedia":[{"embeddable":true,"href":"https:\/\/scriptdoctor.fr\/boutique\/wp-json\/wp\/v2\/media\/1607"}],"wp:attachment":[{"href":"https:\/\/scriptdoctor.fr\/boutique\/wp-json\/wp\/v2\/media?parent=14736"}],"wp:term":[{"taxonomy":"product_brand","embeddable":true,"href":"https:\/\/scriptdoctor.fr\/boutique\/wp-json\/wp\/v2\/product_brand?post=14736"},{"taxonomy":"product_cat","embeddable":true,"href":"https:\/\/scriptdoctor.fr\/boutique\/wp-json\/wp\/v2\/product_cat?post=14736"},{"taxonomy":"product_tag","embeddable":true,"href":"https:\/\/scriptdoctor.fr\/boutique\/wp-json\/wp\/v2\/product_tag?post=14736"}],"curies":[{"name":"wp","href":"https:\/\/api.w.org\/{rel}","templated":true}]}}