{"id":14732,"date":"2023-02-09T12:07:57","date_gmt":"2023-02-09T11:07:57","guid":{"rendered":"https:\/\/scriptdoctor.fr\/boutique\/?post_type=product&#038;p=14732"},"modified":"2023-05-16T09:29:53","modified_gmt":"2023-05-16T07:29:53","slug":"exemples-de-bibles-et-scenarios-a-telecharger","status":"publish","type":"product","link":"https:\/\/scriptdoctor.fr\/boutique\/tarif\/exemples-de-bibles-et-scenarios-a-telecharger\/","title":{"rendered":"400 p. d&rsquo;exemples de bibles, sc\u00e9narios et doc. de sc\u00e9nariste"},"content":{"rendered":"<p>Les cr\u00e9ateurs de la m\u00e9thode d&rsquo;\u00e9criture agile High Concept\u00ae vous donnent \u00e0 lire leurs propres documents de travail de sc\u00e9nariste afin de vous familiariser avec les usages de l&rsquo;audiovisuel&nbsp;:<\/p>\n<ul>\n<li>un court-m\u00e9trage fantastique (prix du meilleur sc\u00e9nario d\u00e9cern\u00e9 par le jury de Claude Zidi)&nbsp;: le sc\u00e9nario dialogu\u00e9,<\/li>\n<li>un long-m\u00e9trage de com\u00e9die (optionn\u00e9)&nbsp;: le concept, le traitement, la note d&rsquo;intention et les fiches des personnages,<\/li>\n<li>un long-m\u00e9trage biopic (commande)&nbsp;: le pitch, le synopsis, les documents de travail, le s\u00e9quencier et le sc\u00e9nario dialogu\u00e9,<\/li>\n<li>une sitcom de 26 min. (produite)&nbsp;: le synopsis et le sc\u00e9nario dialogu\u00e9 de l&rsquo;\u00e9pisode pilote,<\/li>\n<li>une s\u00e9rie TV de 52 min. d&rsquo;anticipation (prix du Fonds d&rsquo;aide \u00e0 l&rsquo;innovation du CNC)&nbsp;: le dossier artistique complet de demande d&rsquo;aide du CNC et le sc\u00e9nario dialogu\u00e9 du pilote,<\/li>\n<li>une s\u00e9rie TV de 90 min. polici\u00e8re (commande)&nbsp;: la bible (graphique) et le traitement du pilote,<\/li>\n<li>un total de 414 pages de documents originaux,<\/li>\n<li><mark>\u00e0 lire uniquement<\/mark>&nbsp;: ce service ne comprend pas la cession des droits d&rsquo;adaptation, de reproduction, de repr\u00e9sentation ou d&rsquo;exploitation des oeuvres ci-dessus, qui demeurent la propri\u00e9t\u00e9 intellectuelle, totale et exclusive, de leurs auteurs respectifs,<\/li>\n<li><mark>au format PDF<\/mark> (pour des documents modifiables, pr\u00e9f\u00e9rez <a href=\"\/boutique\/tarif\/modele-de-mise-en-page-de-scenario\/\">nos mod\u00e8les de documents de sc\u00e9nariste \u00e0 t\u00e9l\u00e9charger<\/a>)<\/li>\n<\/ul>\n","protected":false},"excerpt":{"rendered":"<p>Un pack d&rsquo;exemples de bibles de s\u00e9ries TV et de sc\u00e9narios de court-m\u00e9trage et de long-m\u00e9trage, tous con\u00e7us avec la m\u00e9thode High Concept\u00ae et valoris\u00e9s dans la profession (vente \u00e0 un producteur ou \u00e0 un diffuseur, obtention du fonds d&rsquo;aide \u00e0 l&rsquo;\u00e9criture du CNC, etc.)<\/p>\n","protected":false},"featured_media":11356,"template":"","meta":{"_genesis_hide_title":false,"_genesis_hide_breadcrumbs":false,"_genesis_hide_singular_image":false,"_genesis_hide_footer_widgets":false,"_genesis_custom_body_class":"","_genesis_custom_post_class":"","_genesis_layout":""},"product_brand":[],"product_cat":[985],"product_tag":[],"class_list":{"0":"post-14732","1":"product","2":"type-product","3":"status-publish","4":"has-post-thumbnail","6":"product_cat-exemple-document-type","7":"post","8":"entry","10":"first","11":"instock","12":"downloadable","13":"virtual","14":"taxable","15":"purchasable","16":"product-type-simple"},"_links":{"self":[{"href":"https:\/\/scriptdoctor.fr\/boutique\/wp-json\/wp\/v2\/product\/14732","targetHints":{"allow":["GET"]}}],"collection":[{"href":"https:\/\/scriptdoctor.fr\/boutique\/wp-json\/wp\/v2\/product"}],"about":[{"href":"https:\/\/scriptdoctor.fr\/boutique\/wp-json\/wp\/v2\/types\/product"}],"wp:featuredmedia":[{"embeddable":true,"href":"https:\/\/scriptdoctor.fr\/boutique\/wp-json\/wp\/v2\/media\/11356"}],"wp:attachment":[{"href":"https:\/\/scriptdoctor.fr\/boutique\/wp-json\/wp\/v2\/media?parent=14732"}],"wp:term":[{"taxonomy":"product_brand","embeddable":true,"href":"https:\/\/scriptdoctor.fr\/boutique\/wp-json\/wp\/v2\/product_brand?post=14732"},{"taxonomy":"product_cat","embeddable":true,"href":"https:\/\/scriptdoctor.fr\/boutique\/wp-json\/wp\/v2\/product_cat?post=14732"},{"taxonomy":"product_tag","embeddable":true,"href":"https:\/\/scriptdoctor.fr\/boutique\/wp-json\/wp\/v2\/product_tag?post=14732"}],"curies":[{"name":"wp","href":"https:\/\/api.w.org\/{rel}","templated":true}]}}