{"id":14641,"date":"2023-02-07T12:01:15","date_gmt":"2023-02-07T11:01:15","guid":{"rendered":"https:\/\/scriptdoctor.fr\/boutique\/?post_type=product&#038;p=14641"},"modified":"2023-07-26T15:19:28","modified_gmt":"2023-07-26T13:19:28","slug":"formation-scenariste-ecriture-agile","status":"publish","type":"product","link":"https:\/\/scriptdoctor.fr\/boutique\/tarif\/formation-scenariste-ecriture-agile\/","title":{"rendered":"La formation aux fondamentaux de l&rsquo;\u00e9criture agile (offerte)"},"content":{"rendered":"<h3>&#128188; Voir un <a href=\"\/boutique\/video\/extrait-cedric-salmon-script-doctor\/\" target=\"_blank\" rel=\"noopener\">Extrait du cours&nbsp;: Fondamentaux de l&rsquo;\u00e9criture agile<\/a><\/h3>\n<p>Les sportifs de haut niveau font appel \u00e0 un coach pour progresser; les auteurs professionnels, \u00e0 un script doctor. Ainsi, depuis 2009, notre soci\u00e9t\u00e9 de script doctoring a constat\u00e9 que les cr\u00e9ateurs de contenu francophones ont un axe d&rsquo;am\u00e9lioration principal&nbsp;: <mark>obtenir leur sc\u00e9nario rapidement<\/mark> pour ne pas laisser passer les opportunit\u00e9s&hellip;<\/p>\n<ul>\n<li>une V1 \u00e9crite trop lentement laisse peu de temps pour les versions suivantes et conduit parfois \u00e0 devoir assumer un sc\u00e9nario imparfait,<\/li>\n<li>faute de pouvoir juger rapidement les r\u00e9sultats induits par vos choix, il est impossible de piloter r\u00e9ellement son projet,<\/li>\n<li>enfin, des d\u00e9lais d&rsquo;\u00e9criture trop longs dissipent l&rsquo;\u00e9nergie cr\u00e9ative de tous les partenaires.<\/li>\n<\/ul>\n<p>C&rsquo;est pourquoi nous avons cr\u00e9\u00e9 un mod\u00e8le d&rsquo;\u00e9criture agile qui s&rsquo;appuie sur des documents courts, afin d&rsquo;aider les auteurs professionnels \u00e0 obtenir un sc\u00e9nario complet en 45 jours en moyenne.<\/p>\n","protected":false},"excerpt":{"rendered":"<p>La c\u00e9l\u00e8bre m\u00e9thode d&rsquo;\u00e9criture agile de High Concept\u00ae pr\u00e9sent\u00e9e gratuitement en vid\u00e9o aux sc\u00e9naristes. Au programme&nbsp;: Comment progresser quand on est d\u00e9j\u00e0 un cr\u00e9ateur de contenu professionnel&nbsp;?<\/p>\n","protected":false},"featured_media":1610,"template":"","meta":{"_genesis_hide_title":false,"_genesis_hide_breadcrumbs":false,"_genesis_hide_singular_image":false,"_genesis_hide_footer_widgets":false,"_genesis_custom_body_class":"","_genesis_custom_post_class":"","_genesis_layout":""},"product_brand":[],"product_cat":[36,40],"product_tag":[41,246,42,43,44],"class_list":{"0":"post-14641","1":"product","2":"type-product","3":"status-publish","4":"has-post-thumbnail","6":"product_cat-formation-ecriture-agile","7":"product_cat-masterclass-scenariste","8":"product_tag-bd","9":"product_tag-court-metrage","10":"product_tag-long-metrage","11":"product_tag-roman","12":"product_tag-serie","13":"post","14":"entry","16":"first","17":"instock","18":"virtual","19":"sold-individually","20":"taxable","21":"purchasable","22":"product-type-simple"},"_links":{"self":[{"href":"https:\/\/scriptdoctor.fr\/boutique\/wp-json\/wp\/v2\/product\/14641","targetHints":{"allow":["GET"]}}],"collection":[{"href":"https:\/\/scriptdoctor.fr\/boutique\/wp-json\/wp\/v2\/product"}],"about":[{"href":"https:\/\/scriptdoctor.fr\/boutique\/wp-json\/wp\/v2\/types\/product"}],"wp:featuredmedia":[{"embeddable":true,"href":"https:\/\/scriptdoctor.fr\/boutique\/wp-json\/wp\/v2\/media\/1610"}],"wp:attachment":[{"href":"https:\/\/scriptdoctor.fr\/boutique\/wp-json\/wp\/v2\/media?parent=14641"}],"wp:term":[{"taxonomy":"product_brand","embeddable":true,"href":"https:\/\/scriptdoctor.fr\/boutique\/wp-json\/wp\/v2\/product_brand?post=14641"},{"taxonomy":"product_cat","embeddable":true,"href":"https:\/\/scriptdoctor.fr\/boutique\/wp-json\/wp\/v2\/product_cat?post=14641"},{"taxonomy":"product_tag","embeddable":true,"href":"https:\/\/scriptdoctor.fr\/boutique\/wp-json\/wp\/v2\/product_tag?post=14641"}],"curies":[{"name":"wp","href":"https:\/\/api.w.org\/{rel}","templated":true}]}}