{"id":14483,"date":"2023-02-04T18:10:35","date_gmt":"2023-02-04T17:10:35","guid":{"rendered":"https:\/\/scriptdoctor.fr\/boutique\/?post_type=product&#038;p=14483"},"modified":"2023-07-26T15:19:43","modified_gmt":"2023-07-26T13:19:43","slug":"masterclass-ecriture","status":"publish","type":"product","link":"https:\/\/scriptdoctor.fr\/boutique\/tarif\/masterclass-ecriture\/","title":{"rendered":"Masterclass vid\u00e9o th\u00e9matique : \u00e0 l&rsquo;unit\u00e9"},"content":{"rendered":"<p>Pr\u00e9sent\u00e9e en vid\u00e9os, une formation en e-learning\u00a0:<\/p>\n<ul>\n<li>anim\u00e9e par High Concept, sp\u00e9cialiste de l\u2019enseignement de l\u2019\u00e9criture audiovisuelle depuis 2009<\/li>\n<li>con\u00e7ue pour les auteurs qui veulent \u00e9crire <u>rapidement<\/u> et vendre leurs projets<\/li>\n<li>bas\u00e9e sur un mod\u00e8le d&rsquo;\u00e9criture agile, s\u00e9lection des meilleures m\u00e9thodes d\u2019\u00e9criture internationales<\/li>\n<li>qui permet de travailler avec tout partenaire et d&rsquo;int\u00e9grer un atelier d\u2019\u00e9criture<\/li>\n<li>pour d\u00e9tecter si un projet a un potentiel de succ\u00e8s, sur le march\u00e9 fran\u00e7ais ou international<\/li>\n<li>pour d\u00e9velopper sa cr\u00e9ativit\u00e9 et r\u00e9\u00e9crire rapidement, sans perte d&rsquo;\u00e9nergie et de motivation<\/li>\n<li>pl\u00e9biscit\u00e9e par des sc\u00e9naristes professionnels.<\/li>\n<\/ul>\n","protected":false},"excerpt":{"rendered":"<p>Int\u00e9grez en une journ\u00e9e les cl\u00e9s de succ\u00e8s de l&rsquo;\u00e9criture agile appliqu\u00e9e \u00e0 un genre, \u00e0 un format ou \u00e0 un document donn\u00e9, pour \u00e9crire et vendre vos projets rapidement.<\/p>\n","protected":false},"featured_media":1610,"template":"","meta":{"_genesis_hide_title":false,"_genesis_hide_breadcrumbs":false,"_genesis_hide_singular_image":false,"_genesis_hide_footer_widgets":false,"_genesis_custom_body_class":"","_genesis_custom_post_class":"","_genesis_layout":""},"product_brand":[],"product_cat":[36,40],"product_tag":[41,246,42,43,44],"class_list":{"0":"post-14483","1":"product","2":"type-product","3":"status-publish","4":"has-post-thumbnail","6":"product_cat-formation-ecriture-agile","7":"product_cat-masterclass-scenariste","8":"product_tag-bd","9":"product_tag-court-metrage","10":"product_tag-long-metrage","11":"product_tag-roman","12":"product_tag-serie","13":"post","14":"entry","16":"first","17":"instock","18":"taxable","19":"shipping-taxable","20":"purchasable","21":"product-type-variable"},"_links":{"self":[{"href":"https:\/\/scriptdoctor.fr\/boutique\/wp-json\/wp\/v2\/product\/14483","targetHints":{"allow":["GET"]}}],"collection":[{"href":"https:\/\/scriptdoctor.fr\/boutique\/wp-json\/wp\/v2\/product"}],"about":[{"href":"https:\/\/scriptdoctor.fr\/boutique\/wp-json\/wp\/v2\/types\/product"}],"wp:featuredmedia":[{"embeddable":true,"href":"https:\/\/scriptdoctor.fr\/boutique\/wp-json\/wp\/v2\/media\/1610"}],"wp:attachment":[{"href":"https:\/\/scriptdoctor.fr\/boutique\/wp-json\/wp\/v2\/media?parent=14483"}],"wp:term":[{"taxonomy":"product_brand","embeddable":true,"href":"https:\/\/scriptdoctor.fr\/boutique\/wp-json\/wp\/v2\/product_brand?post=14483"},{"taxonomy":"product_cat","embeddable":true,"href":"https:\/\/scriptdoctor.fr\/boutique\/wp-json\/wp\/v2\/product_cat?post=14483"},{"taxonomy":"product_tag","embeddable":true,"href":"https:\/\/scriptdoctor.fr\/boutique\/wp-json\/wp\/v2\/product_tag?post=14483"}],"curies":[{"name":"wp","href":"https:\/\/api.w.org\/{rel}","templated":true}]}}