{"id":14474,"date":"2023-02-03T11:42:48","date_gmt":"2023-02-03T10:42:48","guid":{"rendered":"https:\/\/scriptdoctor.fr\/boutique\/?post_type=product&#038;p=14474"},"modified":"2023-05-05T10:40:17","modified_gmt":"2023-05-05T08:40:17","slug":"credit-coaching-ecriture","status":"publish","type":"product","link":"https:\/\/scriptdoctor.fr\/boutique\/tarif\/credit-coaching-ecriture\/","title":{"rendered":"Le pack de 10 h compl\u00e9mentaires pour un suivi d&rsquo;\u00e9criture de projet"},"content":{"rendered":"<p>Profitez d&rsquo;un forfait de 10 heures de coaching compl\u00e9mentaire dans le cadre d&rsquo;un <a href=\"https:\/\/scriptdoctor.fr\/boutique\/tarif\/coaching-ecriture\/\">suivi d&rsquo;\u00e9criture<\/a> auquel vous avez d\u00e9j\u00e0 souscrit pour votre projet.<\/p>\n<p>Ce suivi d&rsquo;\u00e9criture compl\u00e9mentaire est fond\u00e9 sur la m\u00e9thode d&rsquo;\u00e9criture agile High Concept\u00ae, qui consiste en une s\u00e9lection des meilleures techniques d&rsquo;\u00e9criture du march\u00e9, aux diff\u00e9rents stades de d\u00e9veloppement d&rsquo;une fiction. Il comprend\u00a0un nouveau cr\u00e9dit de 10 h de coaching personnalis\u00e9 \u00e0 consommer \u00e0 votre rythme, mais aussi\u00a0:<\/p>\n<ol>\n<li>+ la priorit\u00e9 dans notre agenda (valeur&nbsp;: 240,00 \u20ac \/ coaching ),<\/li>\n<li>+ les frais de lecture offerts (valeur&nbsp;: 1,50 \u20ac \/ p.),<\/li>\n<li>+ un cr\u00e9dit de 3h de hotline (des <a href=\"\/boutique\/tarif\/hotline-conseil-pour-auteur\/\" target=\"_blank\" rel=\"noopener\">s\u00e9ances de Q\/R avec un script doctor<\/a>), pour ne jamais rester bloqu\u00e9 (valeur&nbsp;: 6 X 75 = 450 \u20ac).<\/li>\n<\/ol>\n","protected":false},"excerpt":{"rendered":"<p>Forfait de 10 heures de coaching compl\u00e9mentaire dans le cadre d&rsquo;un suivi d&rsquo;\u00e9criture de projet.<\/p>\n","protected":false},"featured_media":1607,"template":"","meta":{"_genesis_hide_title":false,"_genesis_hide_breadcrumbs":false,"_genesis_hide_singular_image":false,"_genesis_hide_footer_widgets":false,"_genesis_custom_body_class":"","_genesis_custom_post_class":"","_genesis_layout":""},"product_brand":[],"product_cat":[236],"product_tag":[41,246,42,993,43,44],"class_list":{"0":"post-14474","1":"product","2":"type-product","3":"status-publish","4":"has-post-thumbnail","6":"product_cat-accompagnement-ecriture","7":"product_tag-bd","8":"product_tag-court-metrage","9":"product_tag-long-metrage","10":"product_tag-jeu-videeo","11":"product_tag-roman","12":"product_tag-serie","13":"post","14":"entry","16":"first","17":"instock","18":"sale","19":"featured","20":"sold-individually","21":"taxable","22":"shipping-taxable","23":"purchasable","24":"product-type-simple"},"_links":{"self":[{"href":"https:\/\/scriptdoctor.fr\/boutique\/wp-json\/wp\/v2\/product\/14474","targetHints":{"allow":["GET"]}}],"collection":[{"href":"https:\/\/scriptdoctor.fr\/boutique\/wp-json\/wp\/v2\/product"}],"about":[{"href":"https:\/\/scriptdoctor.fr\/boutique\/wp-json\/wp\/v2\/types\/product"}],"wp:featuredmedia":[{"embeddable":true,"href":"https:\/\/scriptdoctor.fr\/boutique\/wp-json\/wp\/v2\/media\/1607"}],"wp:attachment":[{"href":"https:\/\/scriptdoctor.fr\/boutique\/wp-json\/wp\/v2\/media?parent=14474"}],"wp:term":[{"taxonomy":"product_brand","embeddable":true,"href":"https:\/\/scriptdoctor.fr\/boutique\/wp-json\/wp\/v2\/product_brand?post=14474"},{"taxonomy":"product_cat","embeddable":true,"href":"https:\/\/scriptdoctor.fr\/boutique\/wp-json\/wp\/v2\/product_cat?post=14474"},{"taxonomy":"product_tag","embeddable":true,"href":"https:\/\/scriptdoctor.fr\/boutique\/wp-json\/wp\/v2\/product_tag?post=14474"}],"curies":[{"name":"wp","href":"https:\/\/api.w.org\/{rel}","templated":true}]}}