{"id":14470,"date":"2023-02-03T10:06:34","date_gmt":"2023-02-03T09:06:34","guid":{"rendered":"https:\/\/scriptdoctor.fr\/boutique\/?post_type=product&#038;p=14470"},"modified":"2023-04-19T22:37:45","modified_gmt":"2023-04-19T20:37:45","slug":"coaching-ecriture","status":"publish","type":"product","link":"https:\/\/scriptdoctor.fr\/boutique\/tarif\/coaching-ecriture\/","title":{"rendered":"Le suivi d&rsquo;\u00e9criture d&rsquo;un projet"},"content":{"rendered":"<p>Profitez de dix heures de coaching personnalis\u00e9 avec un script-doctor senior, fondateur du mod\u00e8le d&rsquo;\u00e9criture agile HC, m\u00e9thode leader sur le march\u00e9 pour\u00a0:<\/p>\n<ul>\n<li>r\u00e9\u00e9crire rapidement un projet en profondeur et atteindre un objectif sp\u00e9cifique\u00a0: obtention d\u2019une aide s\u00e9lective (type Fonds d\u2019Aide \u00e0 l\u2019innovation du CNC), remise d&rsquo;une nouvelle version, mise en production, etc.<\/li>\n<li>profiter d&rsquo;un transfert de comp\u00e9tences rapide et simple, par oral (en compl\u00e9ment ou non d&rsquo;un <a href=\"https:\/\/scriptdoctor.fr\/boutique\/tarif\/script-doctoring-en-ligne\/\" target=\"_blank\" rel=\"noopener\">guide personnalis\u00e9 de r\u00e9\u00e9criture<\/a>),<\/li>\n<li>b\u00e9n\u00e9ficier d&rsquo;une biblioth\u00e8que unique de mod\u00e8les de documents et d&rsquo;exemples de projets laur\u00e9ats du CNC ou valoris\u00e9s dans la profession.<\/li>\n<\/ul>\n<p>Le suivi d&rsquo;\u00e9criture est fond\u00e9 sur la m\u00e9thode d&rsquo;\u00e9criture agile High Concept\u00ae, qui consiste en une s\u00e9lection des meilleures techniques d&rsquo;\u00e9criture du march\u00e9, aux diff\u00e9rents stades de d\u00e9veloppement d&rsquo;une fiction. Il comprend\u00a0un cr\u00e9dit de 10 h de <a href=\"\/boutique\/tarif\/consultation-script-doctor\" target=\"_blank\" rel=\"noopener\">coaching personnalis\u00e9<\/a> \u00e0 consommer \u00e0 votre rythme, mais aussi\u00a0:<\/p>\n<ol>\n<li>+ la priorit\u00e9 dans notre agenda (valeur&nbsp;: 240,00 \u20ac \/ coaching ),<\/li>\n<li>+ les frais de lecture offerts (valeur&nbsp;: 1,50 \u20ac \/ p.),<\/li>\n<li>+ un cr\u00e9dit de 3h de hotline (des <a href=\"\/boutique\/tarif\/hotline-conseil-pour-auteur\/\" target=\"_blank\" rel=\"noopener\">s\u00e9ances de Q\/R avec un script doctor<\/a>), pour ne jamais rester bloqu\u00e9 (valeur&nbsp;: 6 X 75 = 450 \u20ac),<\/li>\n<li>+ <a href=\"\/boutique\/tarif\/modeles-et-exemples-de-bibles-et-scenarios\/\" target=\"_blank\" rel=\"noopener\">l\u2019int\u00e9gralit\u00e9 de nos mod\u00e8les de documents professionnels<\/a> (valeur&nbsp;: 500 \u20ac).<\/li>\n<\/ol>\n","protected":false},"excerpt":{"rendered":"<p>10 heures de coaching premium avec un script doctor fondateur de la m\u00e9thode, \u00e0 consommer \u00e0 votre rythme dans vos locaux* ou en t\u00e9l\u00e9conf\u00e9rence, sans frais de lecture pour un suivi d&rsquo;\u00e9criture optimal de votre projet.<\/p>\n","protected":false},"featured_media":1607,"template":"","meta":{"_genesis_hide_title":false,"_genesis_hide_breadcrumbs":false,"_genesis_hide_singular_image":false,"_genesis_hide_footer_widgets":false,"_genesis_custom_body_class":"","_genesis_custom_post_class":"","_genesis_layout":""},"product_brand":[],"product_cat":[236],"product_tag":[41,246,42,993,43,44],"class_list":{"0":"post-14470","1":"product","2":"type-product","3":"status-publish","4":"has-post-thumbnail","6":"product_cat-accompagnement-ecriture","7":"product_tag-bd","8":"product_tag-court-metrage","9":"product_tag-long-metrage","10":"product_tag-jeu-videeo","11":"product_tag-roman","12":"product_tag-serie","13":"post","14":"entry","16":"first","17":"instock","18":"featured","19":"sold-individually","20":"taxable","21":"shipping-taxable","22":"purchasable","23":"product-type-simple"},"_links":{"self":[{"href":"https:\/\/scriptdoctor.fr\/boutique\/wp-json\/wp\/v2\/product\/14470","targetHints":{"allow":["GET"]}}],"collection":[{"href":"https:\/\/scriptdoctor.fr\/boutique\/wp-json\/wp\/v2\/product"}],"about":[{"href":"https:\/\/scriptdoctor.fr\/boutique\/wp-json\/wp\/v2\/types\/product"}],"wp:featuredmedia":[{"embeddable":true,"href":"https:\/\/scriptdoctor.fr\/boutique\/wp-json\/wp\/v2\/media\/1607"}],"wp:attachment":[{"href":"https:\/\/scriptdoctor.fr\/boutique\/wp-json\/wp\/v2\/media?parent=14470"}],"wp:term":[{"taxonomy":"product_brand","embeddable":true,"href":"https:\/\/scriptdoctor.fr\/boutique\/wp-json\/wp\/v2\/product_brand?post=14470"},{"taxonomy":"product_cat","embeddable":true,"href":"https:\/\/scriptdoctor.fr\/boutique\/wp-json\/wp\/v2\/product_cat?post=14470"},{"taxonomy":"product_tag","embeddable":true,"href":"https:\/\/scriptdoctor.fr\/boutique\/wp-json\/wp\/v2\/product_tag?post=14470"}],"curies":[{"name":"wp","href":"https:\/\/api.w.org\/{rel}","templated":true}]}}