{"id":14444,"date":"2023-01-31T15:22:19","date_gmt":"2023-01-31T14:22:19","guid":{"rendered":"https:\/\/scriptdoctor.fr\/boutique\/?page_id=14444"},"modified":"2025-12-31T16:10:15","modified_gmt":"2025-12-31T15:10:15","slug":"blog","status":"publish","type":"page","link":"https:\/\/scriptdoctor.fr\/boutique\/blog\/","title":{"rendered":"Blog du script doctor"},"content":{"rendered":"\n<hr class=\"fancy-hr\">\n\n\n\n<div class=\"wp-block-columns is-layout-flex wp-container-core-columns-is-layout-9d6595d7 wp-block-columns-is-layout-flex\">\n<div class=\"wp-block-column span9 is-layout-flow wp-block-column-is-layout-flow\" style=\"flex-basis:700px\">\n<h3 style=\"text-align: justify;\">Comment \u00e9crire un sc\u00e9nario, une bible de s\u00e9rie, un synopsis etc. Nos script doctors r\u00e9alisent pour vous une veille des techniques d&rsquo;\u00e9criture. Plus de 400 articles en libre consultation.<\/h3>\n<\/div>\n\n\n\n<div class=\"wp-block-column span3 last is-layout-flow wp-block-column-is-layout-flow\" style=\"flex-basis:220px\">\n<a href=\"\/boutique\/feed\" class=\"buttonscriptdoctor float-right texte-long\" style=\"font-weight: bold;\" title=\"Flux des articles\" target=\"_blank\" rel=\"noopener\"><span>VOIR LE FLUX RSS <i class=\"icon-external-link\" style=\"color:#ffffff;\"><\/i><\/span><\/a>\n<\/div>\n<\/div>\n\n\n\n<hr class=\"fancy-hr\">\n\n\n\n<h2 class=\"wp-block-heading\">\u00c0 la une<\/h2>\n\n\n<ul class=\"wp-block-latest-posts__list wp-block-latest-posts\"><li><a class=\"wp-block-latest-posts__post-title\" href=\"https:\/\/scriptdoctor.fr\/boutique\/audiovisuel-films-hollywood-et-le-japon\/\">Quand le Japon sauvait Hollywood&#8230;<\/a><\/li>\n<li><a class=\"wp-block-latest-posts__post-title\" href=\"https:\/\/scriptdoctor.fr\/boutique\/analyse-de-bd-carnets-de-these-de-tiphaine-riviere\/\">Analyse de BD : Carnets de th\u00e8se de Tiphaine Rivi\u00e8re<\/a><\/li>\n<li><a class=\"wp-block-latest-posts__post-title\" href=\"https:\/\/scriptdoctor.fr\/boutique\/tous-en-scene-fiche-de-lecture-high-concept\/\">Tous en sc\u00e8ne, fa\u00e7on fiche de lecture High Concept<\/a><\/li>\n<li><a class=\"wp-block-latest-posts__post-title\" href=\"https:\/\/scriptdoctor.fr\/boutique\/comment-ecrire-des-dialogues-de-cinema\/\">Comment \u00e9crire de supers dialogues de cin\u00e9ma ?<\/a><\/li>\n<li><a class=\"wp-block-latest-posts__post-title\" href=\"https:\/\/scriptdoctor.fr\/boutique\/le-ministere-des-armees-recrute-des-scenaristes\/\">L&rsquo;arm\u00e9e fait son cin\u00e9ma<\/a><\/li>\n<\/ul>","protected":false},"excerpt":{"rendered":"<p>Comment \u00e9crire un sc\u00e9nario, une bible de s\u00e9rie, un synopsis etc. Nos script doctors r\u00e9alisent pour vous une veille des techniques d&rsquo;\u00e9criture. Plus de 400 articles en libre consultation. VOIR LE FLUX RSS \u00c0 la une<\/p>\n","protected":false},"author":162,"featured_media":0,"parent":0,"menu_order":0,"comment_status":"closed","ping_status":"closed","template":"","meta":{"_genesis_hide_title":false,"_genesis_hide_breadcrumbs":false,"_genesis_hide_singular_image":false,"_genesis_hide_footer_widgets":false,"_genesis_custom_body_class":"","_genesis_custom_post_class":"","_genesis_layout":"","footnotes":""},"class_list":{"0":"post-14444","1":"page","2":"type-page","3":"status-publish","5":"entry"},"_links":{"self":[{"href":"https:\/\/scriptdoctor.fr\/boutique\/wp-json\/wp\/v2\/pages\/14444","targetHints":{"allow":["GET"]}}],"collection":[{"href":"https:\/\/scriptdoctor.fr\/boutique\/wp-json\/wp\/v2\/pages"}],"about":[{"href":"https:\/\/scriptdoctor.fr\/boutique\/wp-json\/wp\/v2\/types\/page"}],"author":[{"embeddable":true,"href":"https:\/\/scriptdoctor.fr\/boutique\/wp-json\/wp\/v2\/users\/162"}],"replies":[{"embeddable":true,"href":"https:\/\/scriptdoctor.fr\/boutique\/wp-json\/wp\/v2\/comments?post=14444"}],"version-history":[{"count":13,"href":"https:\/\/scriptdoctor.fr\/boutique\/wp-json\/wp\/v2\/pages\/14444\/revisions"}],"predecessor-version":[{"id":19448,"href":"https:\/\/scriptdoctor.fr\/boutique\/wp-json\/wp\/v2\/pages\/14444\/revisions\/19448"}],"wp:attachment":[{"href":"https:\/\/scriptdoctor.fr\/boutique\/wp-json\/wp\/v2\/media?parent=14444"}],"curies":[{"name":"wp","href":"https:\/\/api.w.org\/{rel}","templated":true}]}}